{"id":414,"date":"2024-07-24T14:24:34","date_gmt":"2024-07-24T12:24:34","guid":{"rendered":"https:\/\/vitesske.myskydoowebsite.com\/?page_id=414"},"modified":"2025-06-16T15:52:18","modified_gmt":"2025-06-16T13:52:18","slug":"nettoyage-industriel","status":"publish","type":"page","link":"https:\/\/vitesske.be\/nl\/nettoyage-industriel\/","title":{"rendered":"Industri\u00eble reiniging"},"content":{"rendered":"<div data-elementor-type=\"wp-page\" data-elementor-id=\"414\" class=\"elementor elementor-414\" data-elementor-post-type=\"page\">\n\t\t\t\t<div class=\"elementor-element elementor-element-1bc2fa2 e-flex e-con-boxed e-con e-parent\" data-id=\"1bc2fa2\" data-element_type=\"container\" data-e-type=\"container\" data-settings=\"{&quot;background_background&quot;:&quot;classic&quot;}\">\n\t\t\t\t\t<div class=\"e-con-inner\">\n\t\t<div class=\"elementor-element elementor-element-f6b8033 e-con-full e-flex e-con e-child\" data-id=\"f6b8033\" data-element_type=\"container\" data-e-type=\"container\" data-settings=\"{&quot;background_background&quot;:&quot;classic&quot;}\">\n\t\t\t\t<div class=\"elementor-element elementor-element-f22d723 elementor-widget elementor-widget-heading\" data-id=\"f22d723\" data-element_type=\"widget\" data-e-type=\"widget\" data-widget_type=\"heading.default\">\n\t\t\t\t<div class=\"elementor-widget-container\">\n\t\t\t\t\t<h2 class=\"elementor-heading-title elementor-size-default\">Industri\u00eble reiniging<\/h2>\t\t\t\t<\/div>\n\t\t\t\t<\/div>\n\t\t\t\t<div class=\"elementor-element elementor-element-6b3cead elementor-widget elementor-widget-text-editor\" data-id=\"6b3cead\" data-element_type=\"widget\" data-e-type=\"widget\" data-widget_type=\"text-editor.default\">\n\t\t\t\t<div class=\"elementor-widget-container\">\n\t\t\t\t\t\t\t\t\t<p>Een schone omgeving voor een effici\u00ebnte industrie<\/p>\t\t\t\t\t\t\t\t<\/div>\n\t\t\t\t<\/div>\n\t\t<div class=\"elementor-element elementor-element-71e1b1d e-con-full e-flex e-con e-child\" data-id=\"71e1b1d\" data-element_type=\"container\" data-e-type=\"container\">\n\t\t\t\t<div class=\"elementor-element elementor-element-b23a035 elementor-widget elementor-widget-button\" data-id=\"b23a035\" data-element_type=\"widget\" data-e-type=\"widget\" data-widget_type=\"button.default\">\n\t\t\t\t<div class=\"elementor-widget-container\">\n\t\t\t\t\t\t\t\t\t<div class=\"elementor-button-wrapper\">\n\t\t\t\t\t<a class=\"elementor-button elementor-button-link elementor-size-sm\" href=\"tel:024274290\">\n\t\t\t\t\t\t<span class=\"elementor-button-content-wrapper\">\n\t\t\t\t\t\t\t\t\t<span class=\"elementor-button-text\">02 427 42 90<\/span>\n\t\t\t\t\t<\/span>\n\t\t\t\t\t<\/a>\n\t\t\t\t<\/div>\n\t\t\t\t\t\t\t\t<\/div>\n\t\t\t\t<\/div>\n\t\t\t\t<div class=\"elementor-element elementor-element-388033f elementor-widget elementor-widget-button\" data-id=\"388033f\" data-element_type=\"widget\" data-e-type=\"widget\" data-widget_type=\"button.default\">\n\t\t\t\t<div class=\"elementor-widget-container\">\n\t\t\t\t\t\t\t\t\t<div class=\"elementor-button-wrapper\">\n\t\t\t\t\t<a class=\"elementor-button elementor-button-link elementor-size-sm\" href=\"mailto:info@vitesske.be\">\n\t\t\t\t\t\t<span class=\"elementor-button-content-wrapper\">\n\t\t\t\t\t\t\t\t\t<span class=\"elementor-button-text\">info@vitesske.be<\/span>\n\t\t\t\t\t<\/span>\n\t\t\t\t\t<\/a>\n\t\t\t\t<\/div>\n\t\t\t\t\t\t\t\t<\/div>\n\t\t\t\t<\/div>\n\t\t\t\t<\/div>\n\t\t\t\t<div class=\"elementor-element elementor-element-0ebb3b0 elementor-view-default elementor-widget elementor-widget-icon\" data-id=\"0ebb3b0\" data-element_type=\"widget\" data-e-type=\"widget\" data-widget_type=\"icon.default\">\n\t\t\t\t<div class=\"elementor-widget-container\">\n\t\t\t\t\t\t\t<div class=\"elementor-icon-wrapper\">\n\t\t\t<a class=\"elementor-icon\" href=\"#scroll\">\n\t\t\t<i aria-hidden=\"true\" class=\"fas fa-angle-down\"><\/i>\t\t\t<\/a>\n\t\t<\/div>\n\t\t\t\t\t\t<\/div>\n\t\t\t\t<\/div>\n\t\t\t\t<\/div>\n\t\t\t\t\t<\/div>\n\t\t\t\t<\/div>\n\t\t<div class=\"elementor-element elementor-element-bc5f363 e-flex e-con-boxed e-con e-parent\" data-id=\"bc5f363\" data-element_type=\"container\" data-e-type=\"container\" id=\"scroll\">\n\t\t\t\t\t<div class=\"e-con-inner\">\n\t\t<div class=\"elementor-element elementor-element-93ea859 e-con-full e-flex e-con e-child\" data-id=\"93ea859\" data-element_type=\"container\" data-e-type=\"container\">\n\t\t\t\t<div class=\"elementor-element elementor-element-c38cfbd elementor-widget elementor-widget-heading\" data-id=\"c38cfbd\" data-element_type=\"widget\" data-e-type=\"widget\" data-widget_type=\"heading.default\">\n\t\t\t\t<div class=\"elementor-widget-container\">\n\t\t\t\t\t<h2 class=\"elementor-heading-title elementor-size-default\">Industri\u00eble reinigingsoplossingen voor bedrijven en restaurants\n<\/h2>\t\t\t\t<\/div>\n\t\t\t\t<\/div>\n\t\t\t\t<div class=\"elementor-element elementor-element-e910ab7 elementor-widget elementor-widget-text-editor\" data-id=\"e910ab7\" data-element_type=\"widget\" data-e-type=\"widget\" data-widget_type=\"text-editor.default\">\n\t\t\t\t<div class=\"elementor-widget-container\">\n\t\t\t\t\t\t\t\t\t<p class=\"translation-block\">Sinds 1954 begeleidt <strong>Vitesske<\/strong> professionals met gespecialiseerde diensten in <strong>industri\u00eble reiniging<\/strong>. Dankzij onze <strong>expertise<\/strong> en <strong>vakmanschap<\/strong> bieden wij oplossingen die zijn afgestemd op de specifieke behoeften van de <strong>horeca-, bedrijfs- en industri\u00eble sector<\/strong>.<\/p><p>Wij staan in voor de <strong>reiniging van olieafscheiders<\/strong> en <strong>carwashputten<\/strong>, zodat deze optimaal functioneren en voldoen aan de <strong>milieunormen<\/strong>. Onze diensten omvatten ook het <strong>onderhoud en de reiniging van vetafscheiders<\/strong> in <strong>professionele keukens en restaurants<\/strong>, zodat wordt voldaan aan de <strong>sanitaire en hygi\u00ebnevoorschriften<\/strong>.  \n\nDaarnaast voeren wij de <strong>reiniging van tanks en opslagcontainers<\/strong> voor chemische producten uit. Onze <strong>gespecialiseerde teams<\/strong> beschikken over de nodige vergunningen en uitrusting om een <strong>veilige verwijdering van residuen<\/strong> te garanderen.<\/p><p class=\"translation-block\">Als aanvulling zorgt <strong>Vitesske<\/strong> voor de <strong>lediging en ontstopping van installaties<\/strong>, waaronder <strong>septische putten, regenwaterputten<\/strong> en <strong>rioleringen<\/strong>. Om verstoppingsrisico's en storingen te voorkomen, bieden wij een <strong>abonnementsformule<\/strong> aan voor <strong>regelmatige preventieve interventies<\/strong>.<\/p>\t\t\t\t\t\t\t\t<\/div>\n\t\t\t\t<\/div>\n\t\t<div class=\"elementor-element elementor-element-f41f45b e-con-full e-flex e-con e-child\" data-id=\"f41f45b\" data-element_type=\"container\" data-e-type=\"container\">\n\t\t\t\t<div class=\"elementor-element elementor-element-767b28d elementor-widget elementor-widget-button\" data-id=\"767b28d\" data-element_type=\"widget\" data-e-type=\"widget\" data-widget_type=\"button.default\">\n\t\t\t\t<div class=\"elementor-widget-container\">\n\t\t\t\t\t\t\t\t\t<div class=\"elementor-button-wrapper\">\n\t\t\t\t\t<a class=\"elementor-button elementor-button-link elementor-size-sm\" href=\"mailto:info@vitesske.be\">\n\t\t\t\t\t\t<span class=\"elementor-button-content-wrapper\">\n\t\t\t\t\t\t<span class=\"elementor-button-icon\">\n\t\t\t\t<i aria-hidden=\"true\" class=\"far fa-envelope\"><\/i>\t\t\t<\/span>\n\t\t\t\t\t\t\t\t\t<span class=\"elementor-button-text\">info@vitesske.be<\/span>\n\t\t\t\t\t<\/span>\n\t\t\t\t\t<\/a>\n\t\t\t\t<\/div>\n\t\t\t\t\t\t\t\t<\/div>\n\t\t\t\t<\/div>\n\t\t\t\t<div class=\"elementor-element elementor-element-c1d3108 elementor-widget elementor-widget-button\" data-id=\"c1d3108\" data-element_type=\"widget\" data-e-type=\"widget\" data-widget_type=\"button.default\">\n\t\t\t\t<div class=\"elementor-widget-container\">\n\t\t\t\t\t\t\t\t\t<div class=\"elementor-button-wrapper\">\n\t\t\t\t\t<a class=\"elementor-button elementor-button-link elementor-size-sm\" href=\"tel:024274290\">\n\t\t\t\t\t\t<span class=\"elementor-button-content-wrapper\">\n\t\t\t\t\t\t<span class=\"elementor-button-icon\">\n\t\t\t\t<i aria-hidden=\"true\" class=\"fas fa-phone-alt\"><\/i>\t\t\t<\/span>\n\t\t\t\t\t\t\t\t\t<span class=\"elementor-button-text\">02 427 42 90<\/span>\n\t\t\t\t\t<\/span>\n\t\t\t\t\t<\/a>\n\t\t\t\t<\/div>\n\t\t\t\t\t\t\t\t<\/div>\n\t\t\t\t<\/div>\n\t\t\t\t<\/div>\n\t\t\t\t<\/div>\n\t\t<div class=\"elementor-element elementor-element-ed1f58b e-con-full e-flex e-con e-child\" data-id=\"ed1f58b\" data-element_type=\"container\" data-e-type=\"container\">\n\t\t\t\t<div class=\"elementor-element elementor-element-9ce1e96 elementor-widget elementor-widget-image\" data-id=\"9ce1e96\" data-element_type=\"widget\" data-e-type=\"widget\" data-widget_type=\"image.default\">\n\t\t\t\t<div class=\"elementor-widget-container\">\n\t\t\t\t\t\t\t\t\t\t\t\t\t\t\t<img fetchpriority=\"high\" decoding=\"async\" width=\"2160\" height=\"1440\" src=\"https:\/\/vitesske.be\/wp-content\/uploads\/vitesske-photo-12.jpg\" class=\"attachment-large size-large wp-image-2784\" alt=\",\" srcset=\"https:\/\/vitesske.be\/wp-content\/uploads\/vitesske-photo-12.jpg 2160w, https:\/\/vitesske.be\/wp-content\/uploads\/vitesske-photo-12-768x512.jpg 768w, https:\/\/vitesske.be\/wp-content\/uploads\/vitesske-photo-12-1536x1024.jpg 1536w, https:\/\/vitesske.be\/wp-content\/uploads\/vitesske-photo-12-2048x1365.jpg 2048w, https:\/\/vitesske.be\/wp-content\/uploads\/vitesske-photo-12-18x12.jpg 18w\" sizes=\"(max-width: 2160px) 100vw, 2160px\" title=\"\">\t\t\t\t\t\t\t\t\t\t\t\t\t\t\t<\/div>\n\t\t\t\t<\/div>\n\t\t\t\t<\/div>\n\t\t\t\t\t<\/div>\n\t\t\t\t<\/div>\n\t\t<div class=\"elementor-element elementor-element-f80802c e-flex e-con-boxed e-con e-parent\" data-id=\"f80802c\" data-element_type=\"container\" data-e-type=\"container\">\n\t\t\t\t\t<div class=\"e-con-inner\">\n\t\t<div class=\"elementor-element elementor-element-0906838 e-con-full e-flex e-con e-child\" data-id=\"0906838\" data-element_type=\"container\" data-e-type=\"container\">\n\t\t\t\t<div class=\"elementor-element elementor-element-ec29b03 elementor-widget elementor-widget-heading\" data-id=\"ec29b03\" data-element_type=\"widget\" data-e-type=\"widget\" data-widget_type=\"heading.default\">\n\t\t\t\t<div class=\"elementor-widget-container\">\n\t\t\t\t\t<h2 class=\"elementor-heading-title elementor-size-default\">Industri\u00eble reiniging en onderhoud van installaties\n<\/h2>\t\t\t\t<\/div>\n\t\t\t\t<\/div>\n\t\t\t\t<div class=\"elementor-element elementor-element-e0cf920 elementor-widget elementor-widget-text-editor\" data-id=\"e0cf920\" data-element_type=\"widget\" data-e-type=\"widget\" data-widget_type=\"text-editor.default\">\n\t\t\t\t<div class=\"elementor-widget-container\">\n\t\t\t\t\t\t\t\t\t<p><strong>Vitesske<\/strong> zet zich in voor <strong>industri\u00eble reiniging en onderhoud<\/strong> die volledig voldoen aan de geldende regelgeving en de strengste <strong>milieunormen<\/strong>. Onze <strong>teams<\/strong> zorgen ervoor dat elke interventie <strong>veilig<\/strong> wordt uitgevoerd, met een <strong>zorgvuldige afvalbeheer<\/strong> en de afvoer naar <strong>erkende verwerkingscentra<\/strong>.<\/p><p>Dankzij <strong>geavanceerde apparatuur<\/strong> kunnen wij <strong>effici\u00ebnt ingrijpen<\/strong> op alle soorten installaties, inclusief <strong>moeilijk bereikbare zones<\/strong>. Onze <strong>vrachtwagens<\/strong>, geschikt voor verschillende configuraties en capaciteiten, kunnen tot <strong>24.000 liter<\/strong> opslaan en afvoeren, waardoor een <strong>grondige reiniging<\/strong> en een <strong>optimale verwijdering<\/strong> van vetten, oli\u00ebn en andere opgehoopte resten wordt gegarandeerd.  \n\nDe <strong>hoge druk<\/strong> in combinatie met een <strong>krachtig afzuigsysteem<\/strong> zorgt voor een <strong>effici\u00ebnte en veilige reiniging<\/strong> zonder risico\u2019s voor de betrokken structuren.<\/p><p>Als <strong>specialist in ontkalking en onderhoud van afvoerleidingen<\/strong> voert ons bedrijf ook interventies uit in <strong>hoogbouw<\/strong> om <strong>kalkaanslag<\/strong> te verwijderen, die de leidingen kan beschadigen en verstoppingen kan veroorzaken. Of het nu gaat om <strong>preventief onderhoud<\/strong> of een <strong>dringende interventie<\/strong>, ons team werkt met <strong>professionaliteit en snelheid<\/strong> om uw installaties in perfecte staat en optimaal functionerend te houden.<\/p>\t\t\t\t\t\t\t\t<\/div>\n\t\t\t\t<\/div>\n\t\t<div class=\"elementor-element elementor-element-3225927 e-con-full e-flex e-con e-child\" data-id=\"3225927\" data-element_type=\"container\" data-e-type=\"container\">\n\t\t\t\t<div class=\"elementor-element elementor-element-0076fda elementor-icon-list--layout-traditional elementor-list-item-link-full_width elementor-widget elementor-widget-icon-list\" data-id=\"0076fda\" data-element_type=\"widget\" data-e-type=\"widget\" data-widget_type=\"icon-list.default\">\n\t\t\t\t<div class=\"elementor-widget-container\">\n\t\t\t\t\t\t\t<ul class=\"elementor-icon-list-items\">\n\t\t\t\t\t\t\t<li class=\"elementor-icon-list-item\">\n\t\t\t\t\t\t\t\t\t\t\t<a href=\"https:\/\/www.youtube.com\/@vitesskecleaningsolutions6413\" target=\"_blank\" rel=\"nofollow noopener\">\n\n\t\t\t\t\t\t\t\t\t\t\t\t<span class=\"elementor-icon-list-icon\">\n\t\t\t\t\t\t\t<i aria-hidden=\"true\" class=\"fab fa-youtube\"><\/i>\t\t\t\t\t\t<\/span>\n\t\t\t\t\t\t\t\t\t\t<span class=\"elementor-icon-list-text\">YouTube<\/span>\n\t\t\t\t\t\t\t\t\t\t\t<\/a>\n\t\t\t\t\t\t\t\t\t<\/li>\n\t\t\t\t\t\t<\/ul>\n\t\t\t\t\t\t<\/div>\n\t\t\t\t<\/div>\n\t\t\t\t<div class=\"elementor-element elementor-element-0a62fbe elementor-align-center elementor-widget elementor-widget-button\" data-id=\"0a62fbe\" data-element_type=\"widget\" data-e-type=\"widget\" data-widget_type=\"button.default\">\n\t\t\t\t<div class=\"elementor-widget-container\">\n\t\t\t\t\t\t\t\t\t<div class=\"elementor-button-wrapper\">\n\t\t\t\t\t<a class=\"elementor-button elementor-button-link elementor-size-sm\" href=\"https:\/\/vitesske.be\/nl\/contact\/\">\n\t\t\t\t\t\t<span class=\"elementor-button-content-wrapper\">\n\t\t\t\t\t\t<span class=\"elementor-button-icon\">\n\t\t\t\t<i aria-hidden=\"true\" class=\"far fa-envelope\"><\/i>\t\t\t<\/span>\n\t\t\t\t\t\t\t\t\t<span class=\"elementor-button-text\">Neem contact met ons op<\/span>\n\t\t\t\t\t<\/span>\n\t\t\t\t\t<\/a>\n\t\t\t\t<\/div>\n\t\t\t\t\t\t\t\t<\/div>\n\t\t\t\t<\/div>\n\t\t\t\t<\/div>\n\t\t\t\t<\/div>\n\t\t<div class=\"elementor-element elementor-element-e56937a e-con-full e-flex e-con e-child\" data-id=\"e56937a\" data-element_type=\"container\" data-e-type=\"container\">\n\t\t\t\t<div class=\"elementor-element elementor-element-82bd24c elementor-widget elementor-widget-image\" data-id=\"82bd24c\" data-element_type=\"widget\" data-e-type=\"widget\" data-widget_type=\"image.default\">\n\t\t\t\t<div class=\"elementor-widget-container\">\n\t\t\t\t\t\t\t\t\t\t\t\t\t\t\t<img decoding=\"async\" width=\"800\" height=\"580\" src=\"https:\/\/vitesske.be\/wp-content\/uploads\/vitesske-nettoyage-2.jpg\" class=\"attachment-large size-large wp-image-1790\" alt=\"puisards\" srcset=\"https:\/\/vitesske.be\/wp-content\/uploads\/vitesske-nettoyage-2.jpg 800w, https:\/\/vitesske.be\/wp-content\/uploads\/vitesske-nettoyage-2-768x557.jpg 768w\" sizes=\"(max-width: 800px) 100vw, 800px\" title=\"\">\t\t\t\t\t\t\t\t\t\t\t\t\t\t\t<\/div>\n\t\t\t\t<\/div>\n\t\t\t\t<\/div>\n\t\t\t\t\t<\/div>\n\t\t\t\t<\/div>\n\t\t<div class=\"elementor-element elementor-element-46ec161 e-flex e-con-boxed e-con e-parent\" data-id=\"46ec161\" data-element_type=\"container\" data-e-type=\"container\" data-settings=\"{&quot;background_background&quot;:&quot;classic&quot;}\">\n\t\t\t\t\t<div class=\"e-con-inner\">\n\t\t\t\t<div class=\"elementor-element elementor-element-1c43c44 elementor-widget elementor-widget-heading\" data-id=\"1c43c44\" data-element_type=\"widget\" data-e-type=\"widget\" data-widget_type=\"heading.default\">\n\t\t\t\t<div class=\"elementor-widget-container\">\n\t\t\t\t\t<h2 class=\"elementor-heading-title elementor-size-default\">In noodgevallen<\/h2>\t\t\t\t<\/div>\n\t\t\t\t<\/div>\n\t\t\t\t<div class=\"elementor-element elementor-element-f073b75 elementor-widget elementor-widget-text-editor\" data-id=\"f073b75\" data-element_type=\"widget\" data-e-type=\"widget\" data-widget_type=\"text-editor.default\">\n\t\t\t\t<div class=\"elementor-widget-container\">\n\t\t\t\t\t\t\t\t\t<p>Onze oproepdienst is 24\/7 beschikbaar<\/p>\t\t\t\t\t\t\t\t<\/div>\n\t\t\t\t<\/div>\n\t\t\t\t<div class=\"elementor-element elementor-element-584b8f6 elementor-align-center elementor-widget elementor-widget-button\" data-id=\"584b8f6\" data-element_type=\"widget\" data-e-type=\"widget\" data-widget_type=\"button.default\">\n\t\t\t\t<div class=\"elementor-widget-container\">\n\t\t\t\t\t\t\t\t\t<div class=\"elementor-button-wrapper\">\n\t\t\t\t\t<a class=\"elementor-button elementor-button-link elementor-size-sm\" href=\"tel:+32475967360\">\n\t\t\t\t\t\t<span class=\"elementor-button-content-wrapper\">\n\t\t\t\t\t\t<span class=\"elementor-button-icon\">\n\t\t\t\t<i aria-hidden=\"true\" class=\"fas fa-phone-alt\"><\/i>\t\t\t<\/span>\n\t\t\t\t\t\t\t\t\t<span class=\"elementor-button-text\">Neem contact met ons op<\/span>\n\t\t\t\t\t<\/span>\n\t\t\t\t\t<\/a>\n\t\t\t\t<\/div>\n\t\t\t\t\t\t\t\t<\/div>\n\t\t\t\t<\/div>\n\t\t\t\t\t<\/div>\n\t\t\t\t<\/div>\n\t\t<div class=\"elementor-element elementor-element-d96baf1 e-flex e-con-boxed e-con e-parent\" data-id=\"d96baf1\" data-element_type=\"container\" data-e-type=\"container\">\n\t\t\t\t\t<div class=\"e-con-inner\">\n\t\t\t\t<div class=\"elementor-element elementor-element-6b056e9 elementor-widget elementor-widget-heading\" data-id=\"6b056e9\" data-element_type=\"widget\" data-e-type=\"widget\" data-widget_type=\"heading.default\">\n\t\t\t\t<div class=\"elementor-widget-container\">\n\t\t\t\t\t<h2 class=\"elementor-heading-title elementor-size-default\">Onze diensten<\/h2>\t\t\t\t<\/div>\n\t\t\t\t<\/div>\n\t\t\t\t\t<\/div>\n\t\t\t\t<\/div>\n\t\t<div class=\"elementor-element elementor-element-125a362 e-flex e-con-boxed e-con e-parent\" data-id=\"125a362\" data-element_type=\"container\" data-e-type=\"container\">\n\t\t\t\t\t<div class=\"e-con-inner\">\n\t\t<div class=\"elementor-element elementor-element-b2d7839 e-con-full e-flex e-con e-child\" data-id=\"b2d7839\" data-element_type=\"container\" data-e-type=\"container\">\n\t\t\t\t<div class=\"elementor-element elementor-element-91c3726 elementor-nav-menu__align-center elementor-nav-menu--dropdown-none elementor-widget elementor-widget-nav-menu\" data-id=\"91c3726\" data-element_type=\"widget\" data-e-type=\"widget\" data-settings=\"{&quot;layout&quot;:&quot;vertical&quot;,&quot;submenu_icon&quot;:{&quot;value&quot;:&quot;&lt;i class=\\&quot;fas fa-caret-down\\&quot; aria-hidden=\\&quot;true\\&quot;&gt;&lt;\\\/i&gt;&quot;,&quot;library&quot;:&quot;fa-solid&quot;}}\" data-widget_type=\"nav-menu.default\">\n\t\t\t\t<div class=\"elementor-widget-container\">\n\t\t\t\t\t\t\t\t<nav aria-label=\"Menu\" class=\"elementor-nav-menu--main elementor-nav-menu__container elementor-nav-menu--layout-vertical e--pointer-framed e--animation-shrink\">\n\t\t\t\t<ul id=\"menu-1-91c3726\" class=\"elementor-nav-menu sm-vertical\"><li class=\"menu-item menu-item-type-post_type menu-item-object-page menu-item-1339\"><a href=\"https:\/\/vitesske.be\/nl\/debouchage\/\" class=\"elementor-item\">Ontstoppen<\/a><\/li>\n<li class=\"menu-item menu-item-type-post_type menu-item-object-page menu-item-1341\"><a href=\"https:\/\/vitesske.be\/nl\/vidange-fosses-septiques\/\" class=\"elementor-item\">Septische tanks<\/a><\/li>\n<li class=\"menu-item menu-item-type-post_type menu-item-object-page menu-item-1342\"><a href=\"https:\/\/vitesske.be\/nl\/entretien-citerne-eau-de-pluie\/\" class=\"elementor-item\">Regenwatertanks<\/a><\/li>\n<li class=\"menu-item menu-item-type-post_type menu-item-object-page menu-item-1343\"><a href=\"https:\/\/vitesske.be\/nl\/caves-inondees\/\" class=\"elementor-item\">Ondergelopen kelders<\/a><\/li>\n<li class=\"menu-item menu-item-type-post_type menu-item-object-page menu-item-1344\"><a href=\"https:\/\/vitesske.be\/nl\/citernes-a-mazout\/\" class=\"elementor-item\">Olietanks<\/a><\/li>\n<li class=\"menu-item menu-item-type-post_type menu-item-object-page menu-item-1345\"><a href=\"https:\/\/vitesske.be\/nl\/nettoyage-industriel\/\" class=\"elementor-item\">Industri\u00eble reiniging<\/a><\/li>\n<\/ul>\t\t\t<\/nav>\n\t\t\t\t\t\t<nav class=\"elementor-nav-menu--dropdown elementor-nav-menu__container\" aria-hidden=\"true\">\n\t\t\t\t<ul id=\"menu-2-91c3726\" class=\"elementor-nav-menu sm-vertical\"><li class=\"menu-item menu-item-type-post_type menu-item-object-page menu-item-1339\"><a href=\"https:\/\/vitesske.be\/nl\/debouchage\/\" class=\"elementor-item\" tabindex=\"-1\">Ontstoppen<\/a><\/li>\n<li class=\"menu-item menu-item-type-post_type menu-item-object-page menu-item-1341\"><a href=\"https:\/\/vitesske.be\/nl\/vidange-fosses-septiques\/\" class=\"elementor-item\" tabindex=\"-1\">Septische tanks<\/a><\/li>\n<li class=\"menu-item menu-item-type-post_type menu-item-object-page menu-item-1342\"><a href=\"https:\/\/vitesske.be\/nl\/entretien-citerne-eau-de-pluie\/\" class=\"elementor-item\" tabindex=\"-1\">Regenwatertanks<\/a><\/li>\n<li class=\"menu-item menu-item-type-post_type menu-item-object-page menu-item-1343\"><a href=\"https:\/\/vitesske.be\/nl\/caves-inondees\/\" class=\"elementor-item\" tabindex=\"-1\">Ondergelopen kelders<\/a><\/li>\n<li class=\"menu-item menu-item-type-post_type menu-item-object-page menu-item-1344\"><a href=\"https:\/\/vitesske.be\/nl\/citernes-a-mazout\/\" class=\"elementor-item\" tabindex=\"-1\">Olietanks<\/a><\/li>\n<li class=\"menu-item menu-item-type-post_type menu-item-object-page menu-item-1345\"><a href=\"https:\/\/vitesske.be\/nl\/nettoyage-industriel\/\" class=\"elementor-item\" tabindex=\"-1\">Industri\u00eble reiniging<\/a><\/li>\n<\/ul>\t\t\t<\/nav>\n\t\t\t\t\t\t<\/div>\n\t\t\t\t<\/div>\n\t\t\t\t<\/div>\n\t\t\t\t\t<\/div>\n\t\t\t\t<\/div>\n\t\t\t\t<\/div>","protected":false},"excerpt":{"rendered":"<p>Un environnement propre pour une industrie performante 02 427 42 90 info@vitesske.be Solutions de nettoyage industriel pour entreprises et restaurants Depuis 1954, Vitesske accompagne les professionnels avec des services sp\u00e9cialis\u00e9s en nettoyage industriel. Gr\u00e2ce \u00e0 son expertise et \u00e0 son savoir-faire, notre entreprise propose des solutions adapt\u00e9es aux besoins des secteurs de la restauration, des [&hellip;]<\/p>\n","protected":false},"author":1,"featured_media":0,"parent":0,"menu_order":0,"comment_status":"closed","ping_status":"closed","template":"","meta":{"footnotes":""},"class_list":["post-414","page","type-page","status-publish","hentry"],"_links":{"self":[{"href":"https:\/\/vitesske.be\/nl\/wp-json\/wp\/v2\/pages\/414","targetHints":{"allow":["GET"]}}],"collection":[{"href":"https:\/\/vitesske.be\/nl\/wp-json\/wp\/v2\/pages"}],"about":[{"href":"https:\/\/vitesske.be\/nl\/wp-json\/wp\/v2\/types\/page"}],"author":[{"embeddable":true,"href":"https:\/\/vitesske.be\/nl\/wp-json\/wp\/v2\/users\/1"}],"replies":[{"embeddable":true,"href":"https:\/\/vitesske.be\/nl\/wp-json\/wp\/v2\/comments?post=414"}],"version-history":[{"count":53,"href":"https:\/\/vitesske.be\/nl\/wp-json\/wp\/v2\/pages\/414\/revisions"}],"predecessor-version":[{"id":2874,"href":"https:\/\/vitesske.be\/nl\/wp-json\/wp\/v2\/pages\/414\/revisions\/2874"}],"wp:attachment":[{"href":"https:\/\/vitesske.be\/nl\/wp-json\/wp\/v2\/media?parent=414"}],"curies":[{"name":"wp","href":"https:\/\/api.w.org\/{rel}","templated":true}]}}