{"id":2007,"date":"2025-01-16T17:47:13","date_gmt":"2025-01-16T16:47:13","guid":{"rendered":"https:\/\/vitesske.myskydoowebsite.com\/?page_id=2007"},"modified":"2025-06-16T15:57:06","modified_gmt":"2025-06-16T13:57:06","slug":"separateurs-hydrocarbures","status":"publish","type":"page","link":"https:\/\/vitesske.be\/nl\/separateurs-hydrocarbures\/","title":{"rendered":"Koolwaterstofafscheiders"},"content":{"rendered":"<div data-elementor-type=\"wp-page\" data-elementor-id=\"2007\" class=\"elementor elementor-2007\" data-elementor-post-type=\"page\">\n\t\t\t\t<div class=\"elementor-element elementor-element-4c8da37 e-flex e-con-boxed e-con e-parent\" data-id=\"4c8da37\" data-element_type=\"container\" data-e-type=\"container\" data-settings=\"{&quot;background_background&quot;:&quot;classic&quot;}\">\n\t\t\t\t\t<div class=\"e-con-inner\">\n\t\t<div class=\"elementor-element elementor-element-c32f2c5 e-con-full e-flex e-con e-child\" data-id=\"c32f2c5\" data-element_type=\"container\" data-e-type=\"container\" data-settings=\"{&quot;background_background&quot;:&quot;classic&quot;}\">\n\t\t\t\t<div class=\"elementor-element elementor-element-085ec30 elementor-widget elementor-widget-heading\" data-id=\"085ec30\" data-element_type=\"widget\" data-e-type=\"widget\" data-widget_type=\"heading.default\">\n\t\t\t\t<div class=\"elementor-widget-container\">\n\t\t\t\t\t<h2 class=\"elementor-heading-title elementor-size-default\">Koolwaterstofafscheiders<\/h2>\t\t\t\t<\/div>\n\t\t\t\t<\/div>\n\t\t\t\t<div class=\"elementor-element elementor-element-2c5901c elementor-widget elementor-widget-text-editor\" data-id=\"2c5901c\" data-element_type=\"widget\" data-e-type=\"widget\" data-widget_type=\"text-editor.default\">\n\t\t\t\t<div class=\"elementor-widget-container\">\n\t\t\t\t\t\t\t\t\t<p>Essentieel onderhoud voor een schone en veilige omgeving.<\/p>\t\t\t\t\t\t\t\t<\/div>\n\t\t\t\t<\/div>\n\t\t<div class=\"elementor-element elementor-element-0554424 e-con-full e-flex e-con e-child\" data-id=\"0554424\" data-element_type=\"container\" data-e-type=\"container\">\n\t\t\t\t<div class=\"elementor-element elementor-element-3a9cc42 elementor-widget elementor-widget-button\" data-id=\"3a9cc42\" data-element_type=\"widget\" data-e-type=\"widget\" data-widget_type=\"button.default\">\n\t\t\t\t<div class=\"elementor-widget-container\">\n\t\t\t\t\t\t\t\t\t<div class=\"elementor-button-wrapper\">\n\t\t\t\t\t<a class=\"elementor-button elementor-button-link elementor-size-sm\" href=\"tel:024274290\">\n\t\t\t\t\t\t<span class=\"elementor-button-content-wrapper\">\n\t\t\t\t\t\t\t\t\t<span class=\"elementor-button-text\">02 427 42 90<\/span>\n\t\t\t\t\t<\/span>\n\t\t\t\t\t<\/a>\n\t\t\t\t<\/div>\n\t\t\t\t\t\t\t\t<\/div>\n\t\t\t\t<\/div>\n\t\t\t\t<div class=\"elementor-element elementor-element-841e237 elementor-widget elementor-widget-button\" data-id=\"841e237\" data-element_type=\"widget\" data-e-type=\"widget\" data-widget_type=\"button.default\">\n\t\t\t\t<div class=\"elementor-widget-container\">\n\t\t\t\t\t\t\t\t\t<div class=\"elementor-button-wrapper\">\n\t\t\t\t\t<a class=\"elementor-button elementor-button-link elementor-size-sm\" href=\"mailto:info@vitesske.be\">\n\t\t\t\t\t\t<span class=\"elementor-button-content-wrapper\">\n\t\t\t\t\t\t\t\t\t<span class=\"elementor-button-text\">info@vitesske.be<\/span>\n\t\t\t\t\t<\/span>\n\t\t\t\t\t<\/a>\n\t\t\t\t<\/div>\n\t\t\t\t\t\t\t\t<\/div>\n\t\t\t\t<\/div>\n\t\t\t\t<\/div>\n\t\t\t\t<div class=\"elementor-element elementor-element-615e59b elementor-view-default elementor-widget elementor-widget-icon\" data-id=\"615e59b\" data-element_type=\"widget\" data-e-type=\"widget\" data-widget_type=\"icon.default\">\n\t\t\t\t<div class=\"elementor-widget-container\">\n\t\t\t\t\t\t\t<div class=\"elementor-icon-wrapper\">\n\t\t\t<a class=\"elementor-icon\" href=\"#scroll\">\n\t\t\t<i aria-hidden=\"true\" class=\"fas fa-angle-down\"><\/i>\t\t\t<\/a>\n\t\t<\/div>\n\t\t\t\t\t\t<\/div>\n\t\t\t\t<\/div>\n\t\t\t\t<\/div>\n\t\t\t\t\t<\/div>\n\t\t\t\t<\/div>\n\t\t<div class=\"elementor-element elementor-element-a97f5db e-flex e-con-boxed e-con e-parent\" data-id=\"a97f5db\" data-element_type=\"container\" data-e-type=\"container\" id=\"scroll\">\n\t\t\t\t\t<div class=\"e-con-inner\">\n\t\t<div class=\"elementor-element elementor-element-38ef934 e-con-full e-flex e-con e-child\" data-id=\"38ef934\" data-element_type=\"container\" data-e-type=\"container\">\n\t\t\t\t<div class=\"elementor-element elementor-element-e94264f elementor-widget elementor-widget-heading\" data-id=\"e94264f\" data-element_type=\"widget\" data-e-type=\"widget\" data-widget_type=\"heading.default\">\n\t\t\t\t<div class=\"elementor-widget-container\">\n\t\t\t\t\t<h2 class=\"elementor-heading-title elementor-size-default\">Onderhoud en lediging van olieafscheiders\n\n<\/h2>\t\t\t\t<\/div>\n\t\t\t\t<\/div>\n\t\t\t\t<div class=\"elementor-element elementor-element-e66e986 elementor-widget elementor-widget-text-editor\" data-id=\"e66e986\" data-element_type=\"widget\" data-e-type=\"widget\" data-widget_type=\"text-editor.default\">\n\t\t\t\t<div class=\"elementor-widget-container\">\n\t\t\t\t\t\t\t\t\t<p><strong>Olieafscheiders<\/strong> filteren afvalwater door <strong>oli\u00ebn en koolwaterstoffen<\/strong> op te vangen, waardoor vervuiling wordt voorkomen. Om hun <strong>optimale werking<\/strong> te garanderen, is <strong>regelmatig onderhoud<\/strong> essentieel.<\/p><p><strong>Vitesske<\/strong> biedt een <strong>volledige dienst<\/strong> voor het <strong>ledigen en reinigen<\/strong> van olieafscheiders. Onze <strong>experts<\/strong> komen snel ter plaatse om <strong>residuen te verwijderen<\/strong>, <strong>verstoppingsrisico's te voorkomen<\/strong> en de <strong>naleving van milieunormen<\/strong> voor uw installaties te garanderen.<\/p><p>Dankzij onze <strong>gespecialiseerde apparatuur<\/strong> garanderen wij een <strong>doeltreffende interventie<\/strong> die is afgestemd op de behoeften van <strong>bedrijven en openbare instellingen<\/strong>. <strong>Neem contact met ons op<\/strong> voor <strong>preventief onderhoud<\/strong> of een <strong>snelle interventie<\/strong>!<\/p>\t\t\t\t\t\t\t\t<\/div>\n\t\t\t\t<\/div>\n\t\t<div class=\"elementor-element elementor-element-d4eec1b e-con-full e-flex e-con e-child\" data-id=\"d4eec1b\" data-element_type=\"container\" data-e-type=\"container\">\n\t\t\t\t<div class=\"elementor-element elementor-element-0371ce6 elementor-widget elementor-widget-button\" data-id=\"0371ce6\" data-element_type=\"widget\" data-e-type=\"widget\" data-widget_type=\"button.default\">\n\t\t\t\t<div class=\"elementor-widget-container\">\n\t\t\t\t\t\t\t\t\t<div class=\"elementor-button-wrapper\">\n\t\t\t\t\t<a class=\"elementor-button elementor-button-link elementor-size-sm\" href=\"mailto:info@vitesske.be\">\n\t\t\t\t\t\t<span class=\"elementor-button-content-wrapper\">\n\t\t\t\t\t\t<span class=\"elementor-button-icon\">\n\t\t\t\t<i aria-hidden=\"true\" class=\"far fa-envelope\"><\/i>\t\t\t<\/span>\n\t\t\t\t\t\t\t\t\t<span class=\"elementor-button-text\">info@vitesske.be<\/span>\n\t\t\t\t\t<\/span>\n\t\t\t\t\t<\/a>\n\t\t\t\t<\/div>\n\t\t\t\t\t\t\t\t<\/div>\n\t\t\t\t<\/div>\n\t\t\t\t<div class=\"elementor-element elementor-element-795aaf5 elementor-widget elementor-widget-button\" data-id=\"795aaf5\" data-element_type=\"widget\" data-e-type=\"widget\" data-widget_type=\"button.default\">\n\t\t\t\t<div class=\"elementor-widget-container\">\n\t\t\t\t\t\t\t\t\t<div class=\"elementor-button-wrapper\">\n\t\t\t\t\t<a class=\"elementor-button elementor-button-link elementor-size-sm\" href=\"tel:024274290\">\n\t\t\t\t\t\t<span class=\"elementor-button-content-wrapper\">\n\t\t\t\t\t\t<span class=\"elementor-button-icon\">\n\t\t\t\t<i aria-hidden=\"true\" class=\"fas fa-phone-alt\"><\/i>\t\t\t<\/span>\n\t\t\t\t\t\t\t\t\t<span class=\"elementor-button-text\">02 427 42 90<\/span>\n\t\t\t\t\t<\/span>\n\t\t\t\t\t<\/a>\n\t\t\t\t<\/div>\n\t\t\t\t\t\t\t\t<\/div>\n\t\t\t\t<\/div>\n\t\t\t\t<\/div>\n\t\t\t\t<\/div>\n\t\t<div class=\"elementor-element elementor-element-e300813 e-con-full e-flex e-con e-child\" data-id=\"e300813\" data-element_type=\"container\" data-e-type=\"container\">\n\t\t\t\t<div class=\"elementor-element elementor-element-517d7b9 elementor-widget elementor-widget-image\" data-id=\"517d7b9\" data-element_type=\"widget\" data-e-type=\"widget\" data-widget_type=\"image.default\">\n\t\t\t\t<div class=\"elementor-widget-container\">\n\t\t\t\t\t\t\t\t\t\t\t\t\t\t\t<img fetchpriority=\"high\" decoding=\"async\" width=\"1920\" height=\"1080\" src=\"https:\/\/vitesske.be\/wp-content\/uploads\/Design-sans-titre-100.png\" class=\"attachment-large size-large wp-image-1693\" alt=\",\" srcset=\"https:\/\/vitesske.be\/wp-content\/uploads\/Design-sans-titre-100.png 1920w, https:\/\/vitesske.be\/wp-content\/uploads\/Design-sans-titre-100-768x432.png 768w, https:\/\/vitesske.be\/wp-content\/uploads\/Design-sans-titre-100-1536x864.png 1536w\" sizes=\"(max-width: 1920px) 100vw, 1920px\" title=\"\">\t\t\t\t\t\t\t\t\t\t\t\t\t\t\t<\/div>\n\t\t\t\t<\/div>\n\t\t\t\t<\/div>\n\t\t\t\t\t<\/div>\n\t\t\t\t<\/div>\n\t\t<div class=\"elementor-element elementor-element-4276368 e-flex e-con-boxed e-con e-parent\" data-id=\"4276368\" data-element_type=\"container\" data-e-type=\"container\" data-settings=\"{&quot;background_background&quot;:&quot;classic&quot;}\">\n\t\t\t\t\t<div class=\"e-con-inner\">\n\t\t\t\t<div class=\"elementor-element elementor-element-c9a2911 elementor-widget elementor-widget-heading\" data-id=\"c9a2911\" data-element_type=\"widget\" data-e-type=\"widget\" data-widget_type=\"heading.default\">\n\t\t\t\t<div class=\"elementor-widget-container\">\n\t\t\t\t\t<h2 class=\"elementor-heading-title elementor-size-default\">In noodgevallen<\/h2>\t\t\t\t<\/div>\n\t\t\t\t<\/div>\n\t\t\t\t<div class=\"elementor-element elementor-element-7f41b9e elementor-widget elementor-widget-text-editor\" data-id=\"7f41b9e\" data-element_type=\"widget\" data-e-type=\"widget\" data-widget_type=\"text-editor.default\">\n\t\t\t\t<div class=\"elementor-widget-container\">\n\t\t\t\t\t\t\t\t\t<p>Onze oproepdienst is 24\/7 beschikbaar<\/p>\t\t\t\t\t\t\t\t<\/div>\n\t\t\t\t<\/div>\n\t\t\t\t<div class=\"elementor-element elementor-element-9efe185 elementor-align-center elementor-widget elementor-widget-button\" data-id=\"9efe185\" data-element_type=\"widget\" data-e-type=\"widget\" data-widget_type=\"button.default\">\n\t\t\t\t<div class=\"elementor-widget-container\">\n\t\t\t\t\t\t\t\t\t<div class=\"elementor-button-wrapper\">\n\t\t\t\t\t<a class=\"elementor-button elementor-button-link elementor-size-sm\" href=\"tel:+32475967360\">\n\t\t\t\t\t\t<span class=\"elementor-button-content-wrapper\">\n\t\t\t\t\t\t<span class=\"elementor-button-icon\">\n\t\t\t\t<i aria-hidden=\"true\" class=\"fas fa-phone-alt\"><\/i>\t\t\t<\/span>\n\t\t\t\t\t\t\t\t\t<span class=\"elementor-button-text\">Neem contact met ons op<\/span>\n\t\t\t\t\t<\/span>\n\t\t\t\t\t<\/a>\n\t\t\t\t<\/div>\n\t\t\t\t\t\t\t\t<\/div>\n\t\t\t\t<\/div>\n\t\t\t\t\t<\/div>\n\t\t\t\t<\/div>\n\t\t<div class=\"elementor-element elementor-element-aa3263c e-flex e-con-boxed e-con e-parent\" data-id=\"aa3263c\" data-element_type=\"container\" data-e-type=\"container\">\n\t\t\t\t\t<div class=\"e-con-inner\">\n\t\t\t\t<div class=\"elementor-element elementor-element-5443c25 elementor-widget elementor-widget-heading\" data-id=\"5443c25\" data-element_type=\"widget\" data-e-type=\"widget\" data-widget_type=\"heading.default\">\n\t\t\t\t<div class=\"elementor-widget-container\">\n\t\t\t\t\t<h2 class=\"elementor-heading-title elementor-size-default\">Onze diensten<\/h2>\t\t\t\t<\/div>\n\t\t\t\t<\/div>\n\t\t\t\t\t<\/div>\n\t\t\t\t<\/div>\n\t\t<div class=\"elementor-element elementor-element-b6b6859 e-flex e-con-boxed e-con e-parent\" data-id=\"b6b6859\" data-element_type=\"container\" data-e-type=\"container\">\n\t\t\t\t\t<div class=\"e-con-inner\">\n\t\t<div class=\"elementor-element elementor-element-3f3dff4 e-con-full e-flex e-con e-child\" data-id=\"3f3dff4\" data-element_type=\"container\" data-e-type=\"container\">\n\t\t\t\t<div class=\"elementor-element elementor-element-c354ca9 elementor-nav-menu__align-center elementor-nav-menu--dropdown-none elementor-widget elementor-widget-nav-menu\" data-id=\"c354ca9\" data-element_type=\"widget\" data-e-type=\"widget\" data-settings=\"{&quot;layout&quot;:&quot;vertical&quot;,&quot;submenu_icon&quot;:{&quot;value&quot;:&quot;&lt;i class=\\&quot;fas fa-caret-down\\&quot; aria-hidden=\\&quot;true\\&quot;&gt;&lt;\\\/i&gt;&quot;,&quot;library&quot;:&quot;fa-solid&quot;}}\" data-widget_type=\"nav-menu.default\">\n\t\t\t\t<div class=\"elementor-widget-container\">\n\t\t\t\t\t\t\t\t<nav aria-label=\"Menu\" class=\"elementor-nav-menu--main elementor-nav-menu__container elementor-nav-menu--layout-vertical e--pointer-framed e--animation-shrink\">\n\t\t\t\t<ul id=\"menu-1-c354ca9\" class=\"elementor-nav-menu sm-vertical\"><li class=\"menu-item menu-item-type-post_type menu-item-object-page menu-item-1339\"><a href=\"https:\/\/vitesske.be\/nl\/debouchage\/\" class=\"elementor-item\">Ontstoppen<\/a><\/li>\n<li class=\"menu-item menu-item-type-post_type menu-item-object-page menu-item-1341\"><a href=\"https:\/\/vitesske.be\/nl\/vidange-fosses-septiques\/\" class=\"elementor-item\">Septische tanks<\/a><\/li>\n<li class=\"menu-item menu-item-type-post_type menu-item-object-page menu-item-1342\"><a href=\"https:\/\/vitesske.be\/nl\/entretien-citerne-eau-de-pluie\/\" class=\"elementor-item\">Regenwatertanks<\/a><\/li>\n<li class=\"menu-item menu-item-type-post_type menu-item-object-page menu-item-1343\"><a href=\"https:\/\/vitesske.be\/nl\/caves-inondees\/\" class=\"elementor-item\">Ondergelopen kelders<\/a><\/li>\n<li class=\"menu-item menu-item-type-post_type menu-item-object-page menu-item-1344\"><a href=\"https:\/\/vitesske.be\/nl\/citernes-a-mazout\/\" class=\"elementor-item\">Olietanks<\/a><\/li>\n<li class=\"menu-item menu-item-type-post_type menu-item-object-page menu-item-1345\"><a href=\"https:\/\/vitesske.be\/nl\/nettoyage-industriel\/\" class=\"elementor-item\">Industri\u00eble reiniging<\/a><\/li>\n<\/ul>\t\t\t<\/nav>\n\t\t\t\t\t\t<nav class=\"elementor-nav-menu--dropdown elementor-nav-menu__container\" aria-hidden=\"true\">\n\t\t\t\t<ul id=\"menu-2-c354ca9\" class=\"elementor-nav-menu sm-vertical\"><li class=\"menu-item menu-item-type-post_type menu-item-object-page menu-item-1339\"><a href=\"https:\/\/vitesske.be\/nl\/debouchage\/\" class=\"elementor-item\" tabindex=\"-1\">Ontstoppen<\/a><\/li>\n<li class=\"menu-item menu-item-type-post_type menu-item-object-page menu-item-1341\"><a href=\"https:\/\/vitesske.be\/nl\/vidange-fosses-septiques\/\" class=\"elementor-item\" tabindex=\"-1\">Septische tanks<\/a><\/li>\n<li class=\"menu-item menu-item-type-post_type menu-item-object-page menu-item-1342\"><a href=\"https:\/\/vitesske.be\/nl\/entretien-citerne-eau-de-pluie\/\" class=\"elementor-item\" tabindex=\"-1\">Regenwatertanks<\/a><\/li>\n<li class=\"menu-item menu-item-type-post_type menu-item-object-page menu-item-1343\"><a href=\"https:\/\/vitesske.be\/nl\/caves-inondees\/\" class=\"elementor-item\" tabindex=\"-1\">Ondergelopen kelders<\/a><\/li>\n<li class=\"menu-item menu-item-type-post_type menu-item-object-page menu-item-1344\"><a href=\"https:\/\/vitesske.be\/nl\/citernes-a-mazout\/\" class=\"elementor-item\" tabindex=\"-1\">Olietanks<\/a><\/li>\n<li class=\"menu-item menu-item-type-post_type menu-item-object-page menu-item-1345\"><a href=\"https:\/\/vitesske.be\/nl\/nettoyage-industriel\/\" class=\"elementor-item\" tabindex=\"-1\">Industri\u00eble reiniging<\/a><\/li>\n<\/ul>\t\t\t<\/nav>\n\t\t\t\t\t\t<\/div>\n\t\t\t\t<\/div>\n\t\t\t\t<\/div>\n\t\t\t\t\t<\/div>\n\t\t\t\t<\/div>\n\t\t\t\t<\/div>","protected":false},"excerpt":{"rendered":"<p>Un entretien essentiel pour un environnement propre et s\u00e9curis\u00e9 02 427 42 90 info@vitesske.be Entretien et vidange de s\u00e9parateurs d\u2019hydrocarbures Les s\u00e9parateurs d\u2019hydrocarbures permettent de filtrer les eaux us\u00e9es en retenant huiles et hydrocarbures, \u00e9vitant ainsi toute pollution. Pour assurer leur bon fonctionnement, un entretien r\u00e9gulier est indispensable. Vitesske propose un service complet de vidange [&hellip;]<\/p>\n","protected":false},"author":1,"featured_media":0,"parent":0,"menu_order":0,"comment_status":"closed","ping_status":"closed","template":"","meta":{"footnotes":""},"class_list":["post-2007","page","type-page","status-publish","hentry"],"_links":{"self":[{"href":"https:\/\/vitesske.be\/nl\/wp-json\/wp\/v2\/pages\/2007","targetHints":{"allow":["GET"]}}],"collection":[{"href":"https:\/\/vitesske.be\/nl\/wp-json\/wp\/v2\/pages"}],"about":[{"href":"https:\/\/vitesske.be\/nl\/wp-json\/wp\/v2\/types\/page"}],"author":[{"embeddable":true,"href":"https:\/\/vitesske.be\/nl\/wp-json\/wp\/v2\/users\/1"}],"replies":[{"embeddable":true,"href":"https:\/\/vitesske.be\/nl\/wp-json\/wp\/v2\/comments?post=2007"}],"version-history":[{"count":47,"href":"https:\/\/vitesske.be\/nl\/wp-json\/wp\/v2\/pages\/2007\/revisions"}],"predecessor-version":[{"id":2879,"href":"https:\/\/vitesske.be\/nl\/wp-json\/wp\/v2\/pages\/2007\/revisions\/2879"}],"wp:attachment":[{"href":"https:\/\/vitesske.be\/nl\/wp-json\/wp\/v2\/media?parent=2007"}],"curies":[{"name":"wp","href":"https:\/\/api.w.org\/{rel}","templated":true}]}}