{"id":1953,"date":"2025-01-16T16:45:17","date_gmt":"2025-01-16T15:45:17","guid":{"rendered":"https:\/\/vitesske.myskydoowebsite.com\/?page_id=1953"},"modified":"2025-06-16T15:42:27","modified_gmt":"2025-06-16T13:42:27","slug":"debouchage-evier","status":"publish","type":"page","link":"https:\/\/vitesske.be\/nl\/debouchage-evier\/","title":{"rendered":"Gootsteen ontstoppen"},"content":{"rendered":"<div data-elementor-type=\"wp-page\" data-elementor-id=\"1953\" class=\"elementor elementor-1953\" data-elementor-post-type=\"page\">\n\t\t\t\t<div class=\"elementor-element elementor-element-eb0ebb2 e-flex e-con-boxed e-con e-parent\" data-id=\"eb0ebb2\" data-element_type=\"container\" data-e-type=\"container\" data-settings=\"{&quot;background_background&quot;:&quot;classic&quot;}\">\n\t\t\t\t\t<div class=\"e-con-inner\">\n\t\t<div class=\"elementor-element elementor-element-a5adfd0 e-con-full e-flex e-con e-child\" data-id=\"a5adfd0\" data-element_type=\"container\" data-e-type=\"container\" data-settings=\"{&quot;background_background&quot;:&quot;classic&quot;}\">\n\t\t\t\t<div class=\"elementor-element elementor-element-c8999d0 elementor-widget elementor-widget-heading\" data-id=\"c8999d0\" data-element_type=\"widget\" data-e-type=\"widget\" data-widget_type=\"heading.default\">\n\t\t\t\t<div class=\"elementor-widget-container\">\n\t\t\t\t\t<h1 class=\"elementor-heading-title elementor-size-default\">Gootsteen ontstoppen<\/h1>\t\t\t\t<\/div>\n\t\t\t\t<\/div>\n\t\t\t\t<div class=\"elementor-element elementor-element-d0dab17 elementor-widget elementor-widget-text-editor\" data-id=\"d0dab17\" data-element_type=\"widget\" data-e-type=\"widget\" data-widget_type=\"text-editor.default\">\n\t\t\t\t<div class=\"elementor-widget-container\">\n\t\t\t\t\t\t\t\t\tVerstopte gootsteen? Vitesske grijpt snel in voor een effici\u00ebnte en duurzame ontstopping.\t\t\t\t\t\t\t\t<\/div>\n\t\t\t\t<\/div>\n\t\t<div class=\"elementor-element elementor-element-be5ef54 e-con-full e-flex e-con e-child\" data-id=\"be5ef54\" data-element_type=\"container\" data-e-type=\"container\">\n\t\t\t\t<div class=\"elementor-element elementor-element-a7c0899 elementor-widget elementor-widget-button\" data-id=\"a7c0899\" data-element_type=\"widget\" data-e-type=\"widget\" data-widget_type=\"button.default\">\n\t\t\t\t<div class=\"elementor-widget-container\">\n\t\t\t\t\t\t\t\t\t<div class=\"elementor-button-wrapper\">\n\t\t\t\t\t<a class=\"elementor-button elementor-button-link elementor-size-sm\" href=\"tel:024274290\">\n\t\t\t\t\t\t<span class=\"elementor-button-content-wrapper\">\n\t\t\t\t\t\t\t\t\t<span class=\"elementor-button-text\">02 427 42 90<\/span>\n\t\t\t\t\t<\/span>\n\t\t\t\t\t<\/a>\n\t\t\t\t<\/div>\n\t\t\t\t\t\t\t\t<\/div>\n\t\t\t\t<\/div>\n\t\t\t\t<div class=\"elementor-element elementor-element-60bd80f elementor-widget elementor-widget-button\" data-id=\"60bd80f\" data-element_type=\"widget\" data-e-type=\"widget\" data-widget_type=\"button.default\">\n\t\t\t\t<div class=\"elementor-widget-container\">\n\t\t\t\t\t\t\t\t\t<div class=\"elementor-button-wrapper\">\n\t\t\t\t\t<a class=\"elementor-button elementor-button-link elementor-size-sm\" href=\"mailto:info@vitesske.be\">\n\t\t\t\t\t\t<span class=\"elementor-button-content-wrapper\">\n\t\t\t\t\t\t\t\t\t<span class=\"elementor-button-text\">info@vitesske.be<\/span>\n\t\t\t\t\t<\/span>\n\t\t\t\t\t<\/a>\n\t\t\t\t<\/div>\n\t\t\t\t\t\t\t\t<\/div>\n\t\t\t\t<\/div>\n\t\t\t\t<\/div>\n\t\t\t\t<div class=\"elementor-element elementor-element-608fe14 elementor-view-default elementor-widget elementor-widget-icon\" data-id=\"608fe14\" data-element_type=\"widget\" data-e-type=\"widget\" data-widget_type=\"icon.default\">\n\t\t\t\t<div class=\"elementor-widget-container\">\n\t\t\t\t\t\t\t<div class=\"elementor-icon-wrapper\">\n\t\t\t<a class=\"elementor-icon\" href=\"#scroll\">\n\t\t\t<i aria-hidden=\"true\" class=\"fas fa-angle-down\"><\/i>\t\t\t<\/a>\n\t\t<\/div>\n\t\t\t\t\t\t<\/div>\n\t\t\t\t<\/div>\n\t\t\t\t<\/div>\n\t\t\t\t\t<\/div>\n\t\t\t\t<\/div>\n\t\t<div class=\"elementor-element elementor-element-6062d7c e-flex e-con-boxed e-con e-parent\" data-id=\"6062d7c\" data-element_type=\"container\" data-e-type=\"container\" id=\"scroll\">\n\t\t\t\t\t<div class=\"e-con-inner\">\n\t\t<div class=\"elementor-element elementor-element-399a984 e-con-full e-flex e-con e-child\" data-id=\"399a984\" data-element_type=\"container\" data-e-type=\"container\">\n\t\t\t\t<div class=\"elementor-element elementor-element-995cbf8 elementor-widget elementor-widget-heading\" data-id=\"995cbf8\" data-element_type=\"widget\" data-e-type=\"widget\" data-widget_type=\"heading.default\">\n\t\t\t\t<div class=\"elementor-widget-container\">\n\t\t\t\t\t<h2 class=\"elementor-heading-title elementor-size-default\">Ontstoppen en leegmaken in Brussel sinds 1954<\/h2>\t\t\t\t<\/div>\n\t\t\t\t<\/div>\n\t\t\t\t<div class=\"elementor-element elementor-element-a626b80 elementor-widget elementor-widget-text-editor\" data-id=\"a626b80\" data-element_type=\"widget\" data-e-type=\"widget\" data-widget_type=\"text-editor.default\">\n\t\t\t\t<div class=\"elementor-widget-container\">\n\t\t\t\t\t\t\t\t\t<p>Is uw <strong>gootsteen verstopt<\/strong>? Loopt het water moeilijk weg of komt er een <strong>onaangename geur<\/strong> uit uw installatie? <strong>Vitesske<\/strong> is uw expert in <strong>gootsteen ontstoppen<\/strong> in <strong>Brussel en omgeving<\/strong>.<\/p><p>Sinds 1954 bieden wij <strong>snelle en doeltreffende interventies<\/strong> om verstoppingen te verwijderen en het <strong>goede functioneren van uw leidingen<\/strong> te garanderen. Onze <strong>ervaren technici<\/strong> maken gebruik van <strong>geavanceerde apparatuur<\/strong>, zoals <strong>mechanische ontstopping<\/strong> en <strong>hogedrukstralen<\/strong>, om verstoppingen door <strong>vet, etensresten<\/strong> of <strong>kalkaanslag<\/strong> doeltreffend te verwijderen.<\/p><p>Of het nu gaat om een <strong>noodontstopping<\/strong> of <strong>preventief onderhoud<\/strong>, wij garanderen u een <strong>betrouwbare, professionele service<\/strong> die voldoet aan de geldende normen. <strong>Particulieren<\/strong> of <strong>professionals<\/strong>, wij passen onze diensten aan uw specifieke behoeften aan om u een <strong>op maat gemaakte oplossing<\/strong> te bieden.<\/p><p class=\"translation-block\"><strong>Neem vandaag nog contact met ons op<\/strong> voor een <strong>gratis offerte<\/strong> en een <strong>snelle interventie<\/strong>!<\/p>\t\t\t\t\t\t\t\t<\/div>\n\t\t\t\t<\/div>\n\t\t<div class=\"elementor-element elementor-element-0ad85a6 e-con-full e-flex e-con e-child\" data-id=\"0ad85a6\" data-element_type=\"container\" data-e-type=\"container\">\n\t\t\t\t<div class=\"elementor-element elementor-element-9357f47 elementor-widget elementor-widget-button\" data-id=\"9357f47\" data-element_type=\"widget\" data-e-type=\"widget\" data-widget_type=\"button.default\">\n\t\t\t\t<div class=\"elementor-widget-container\">\n\t\t\t\t\t\t\t\t\t<div class=\"elementor-button-wrapper\">\n\t\t\t\t\t<a class=\"elementor-button elementor-button-link elementor-size-sm\" href=\"mailto:info@vitesske.be\">\n\t\t\t\t\t\t<span class=\"elementor-button-content-wrapper\">\n\t\t\t\t\t\t<span class=\"elementor-button-icon\">\n\t\t\t\t<i aria-hidden=\"true\" class=\"far fa-envelope\"><\/i>\t\t\t<\/span>\n\t\t\t\t\t\t\t\t\t<span class=\"elementor-button-text\">info@vitesske.be<\/span>\n\t\t\t\t\t<\/span>\n\t\t\t\t\t<\/a>\n\t\t\t\t<\/div>\n\t\t\t\t\t\t\t\t<\/div>\n\t\t\t\t<\/div>\n\t\t\t\t<div class=\"elementor-element elementor-element-480aa3a elementor-widget elementor-widget-button\" data-id=\"480aa3a\" data-element_type=\"widget\" data-e-type=\"widget\" data-widget_type=\"button.default\">\n\t\t\t\t<div class=\"elementor-widget-container\">\n\t\t\t\t\t\t\t\t\t<div class=\"elementor-button-wrapper\">\n\t\t\t\t\t<a class=\"elementor-button elementor-button-link elementor-size-sm\" href=\"tel:024274290\">\n\t\t\t\t\t\t<span class=\"elementor-button-content-wrapper\">\n\t\t\t\t\t\t<span class=\"elementor-button-icon\">\n\t\t\t\t<i aria-hidden=\"true\" class=\"fas fa-phone-alt\"><\/i>\t\t\t<\/span>\n\t\t\t\t\t\t\t\t\t<span class=\"elementor-button-text\">02 427 42 90<\/span>\n\t\t\t\t\t<\/span>\n\t\t\t\t\t<\/a>\n\t\t\t\t<\/div>\n\t\t\t\t\t\t\t\t<\/div>\n\t\t\t\t<\/div>\n\t\t\t\t<\/div>\n\t\t\t\t<\/div>\n\t\t<div class=\"elementor-element elementor-element-51fcf71 e-con-full e-flex e-con e-child\" data-id=\"51fcf71\" data-element_type=\"container\" data-e-type=\"container\">\n\t\t\t\t<div class=\"elementor-element elementor-element-77b05cd elementor-widget elementor-widget-image\" data-id=\"77b05cd\" data-element_type=\"widget\" data-e-type=\"widget\" data-widget_type=\"image.default\">\n\t\t\t\t<div class=\"elementor-widget-container\">\n\t\t\t\t\t\t\t\t\t\t\t\t\t\t\t<img fetchpriority=\"high\" decoding=\"async\" width=\"1920\" height=\"1080\" src=\"https:\/\/vitesske.be\/wp-content\/uploads\/Design-sans-titre-2025-01-20T111518.414.png\" class=\"attachment-large size-large wp-image-2043\" alt=\"D\u00e9bouchage \u00e9vier\" srcset=\"https:\/\/vitesske.be\/wp-content\/uploads\/Design-sans-titre-2025-01-20T111518.414.png 1920w, https:\/\/vitesske.be\/wp-content\/uploads\/Design-sans-titre-2025-01-20T111518.414-768x432.png 768w, https:\/\/vitesske.be\/wp-content\/uploads\/Design-sans-titre-2025-01-20T111518.414-1536x864.png 1536w\" sizes=\"(max-width: 1920px) 100vw, 1920px\" title=\"\">\t\t\t\t\t\t\t\t\t\t\t\t\t\t\t<\/div>\n\t\t\t\t<\/div>\n\t\t\t\t<\/div>\n\t\t\t\t\t<\/div>\n\t\t\t\t<\/div>\n\t\t<div class=\"elementor-element elementor-element-de34975 e-flex e-con-boxed e-con e-parent\" data-id=\"de34975\" data-element_type=\"container\" data-e-type=\"container\" data-settings=\"{&quot;background_background&quot;:&quot;classic&quot;}\">\n\t\t\t\t\t<div class=\"e-con-inner\">\n\t\t\t\t<div class=\"elementor-element elementor-element-d66b36f elementor-widget elementor-widget-heading\" data-id=\"d66b36f\" data-element_type=\"widget\" data-e-type=\"widget\" data-widget_type=\"heading.default\">\n\t\t\t\t<div class=\"elementor-widget-container\">\n\t\t\t\t\t<h2 class=\"elementor-heading-title elementor-size-default\">In noodgevallen<\/h2>\t\t\t\t<\/div>\n\t\t\t\t<\/div>\n\t\t\t\t<div class=\"elementor-element elementor-element-3c0fba6 elementor-widget elementor-widget-text-editor\" data-id=\"3c0fba6\" data-element_type=\"widget\" data-e-type=\"widget\" data-widget_type=\"text-editor.default\">\n\t\t\t\t<div class=\"elementor-widget-container\">\n\t\t\t\t\t\t\t\t\t<p>Onze oproepdienst is 24\/7 beschikbaar<\/p>\t\t\t\t\t\t\t\t<\/div>\n\t\t\t\t<\/div>\n\t\t\t\t<div class=\"elementor-element elementor-element-2a1e698 elementor-align-center elementor-widget elementor-widget-button\" data-id=\"2a1e698\" data-element_type=\"widget\" data-e-type=\"widget\" data-widget_type=\"button.default\">\n\t\t\t\t<div class=\"elementor-widget-container\">\n\t\t\t\t\t\t\t\t\t<div class=\"elementor-button-wrapper\">\n\t\t\t\t\t<a class=\"elementor-button elementor-button-link elementor-size-sm\" href=\"tel:+32475967360\">\n\t\t\t\t\t\t<span class=\"elementor-button-content-wrapper\">\n\t\t\t\t\t\t<span class=\"elementor-button-icon\">\n\t\t\t\t<i aria-hidden=\"true\" class=\"fas fa-phone-alt\"><\/i>\t\t\t<\/span>\n\t\t\t\t\t\t\t\t\t<span class=\"elementor-button-text\">Neem contact met ons op<\/span>\n\t\t\t\t\t<\/span>\n\t\t\t\t\t<\/a>\n\t\t\t\t<\/div>\n\t\t\t\t\t\t\t\t<\/div>\n\t\t\t\t<\/div>\n\t\t\t\t\t<\/div>\n\t\t\t\t<\/div>\n\t\t<div class=\"elementor-element elementor-element-0254b10 e-flex e-con-boxed e-con e-parent\" data-id=\"0254b10\" data-element_type=\"container\" data-e-type=\"container\">\n\t\t\t\t\t<div class=\"e-con-inner\">\n\t\t\t\t<div class=\"elementor-element elementor-element-a1b4708 elementor-widget elementor-widget-heading\" data-id=\"a1b4708\" data-element_type=\"widget\" data-e-type=\"widget\" data-widget_type=\"heading.default\">\n\t\t\t\t<div class=\"elementor-widget-container\">\n\t\t\t\t\t<h2 class=\"elementor-heading-title elementor-size-default\">Onze diensten<\/h2>\t\t\t\t<\/div>\n\t\t\t\t<\/div>\n\t\t\t\t\t<\/div>\n\t\t\t\t<\/div>\n\t\t<div class=\"elementor-element elementor-element-ccf2ef8 e-flex e-con-boxed e-con e-parent\" data-id=\"ccf2ef8\" data-element_type=\"container\" data-e-type=\"container\">\n\t\t\t\t\t<div class=\"e-con-inner\">\n\t\t<div class=\"elementor-element elementor-element-ef492d1 e-con-full e-flex e-con e-child\" data-id=\"ef492d1\" data-element_type=\"container\" data-e-type=\"container\">\n\t\t\t\t<div class=\"elementor-element elementor-element-a093830 elementor-nav-menu__align-center elementor-nav-menu--dropdown-none elementor-widget elementor-widget-nav-menu\" data-id=\"a093830\" data-element_type=\"widget\" data-e-type=\"widget\" data-settings=\"{&quot;layout&quot;:&quot;vertical&quot;,&quot;submenu_icon&quot;:{&quot;value&quot;:&quot;&lt;i class=\\&quot;fas fa-caret-down\\&quot; aria-hidden=\\&quot;true\\&quot;&gt;&lt;\\\/i&gt;&quot;,&quot;library&quot;:&quot;fa-solid&quot;}}\" data-widget_type=\"nav-menu.default\">\n\t\t\t\t<div class=\"elementor-widget-container\">\n\t\t\t\t\t\t\t\t<nav aria-label=\"Menu\" class=\"elementor-nav-menu--main elementor-nav-menu__container elementor-nav-menu--layout-vertical e--pointer-framed e--animation-shrink\">\n\t\t\t\t<ul id=\"menu-1-a093830\" class=\"elementor-nav-menu sm-vertical\"><li class=\"menu-item menu-item-type-post_type menu-item-object-page menu-item-1339\"><a href=\"https:\/\/vitesske.be\/nl\/debouchage\/\" class=\"elementor-item\">Ontstoppen<\/a><\/li>\n<li class=\"menu-item menu-item-type-post_type menu-item-object-page menu-item-1341\"><a href=\"https:\/\/vitesske.be\/nl\/vidange-fosses-septiques\/\" class=\"elementor-item\">Septische tanks<\/a><\/li>\n<li class=\"menu-item menu-item-type-post_type menu-item-object-page menu-item-1342\"><a href=\"https:\/\/vitesske.be\/nl\/entretien-citerne-eau-de-pluie\/\" class=\"elementor-item\">Regenwatertanks<\/a><\/li>\n<li class=\"menu-item menu-item-type-post_type menu-item-object-page menu-item-1343\"><a href=\"https:\/\/vitesske.be\/nl\/caves-inondees\/\" class=\"elementor-item\">Ondergelopen kelders<\/a><\/li>\n<li class=\"menu-item menu-item-type-post_type menu-item-object-page menu-item-1344\"><a href=\"https:\/\/vitesske.be\/nl\/citernes-a-mazout\/\" class=\"elementor-item\">Olietanks<\/a><\/li>\n<li class=\"menu-item menu-item-type-post_type menu-item-object-page menu-item-1345\"><a href=\"https:\/\/vitesske.be\/nl\/nettoyage-industriel\/\" class=\"elementor-item\">Industri\u00eble reiniging<\/a><\/li>\n<\/ul>\t\t\t<\/nav>\n\t\t\t\t\t\t<nav class=\"elementor-nav-menu--dropdown elementor-nav-menu__container\" aria-hidden=\"true\">\n\t\t\t\t<ul id=\"menu-2-a093830\" class=\"elementor-nav-menu sm-vertical\"><li class=\"menu-item menu-item-type-post_type menu-item-object-page menu-item-1339\"><a href=\"https:\/\/vitesske.be\/nl\/debouchage\/\" class=\"elementor-item\" tabindex=\"-1\">Ontstoppen<\/a><\/li>\n<li class=\"menu-item menu-item-type-post_type menu-item-object-page menu-item-1341\"><a href=\"https:\/\/vitesske.be\/nl\/vidange-fosses-septiques\/\" class=\"elementor-item\" tabindex=\"-1\">Septische tanks<\/a><\/li>\n<li class=\"menu-item menu-item-type-post_type menu-item-object-page menu-item-1342\"><a href=\"https:\/\/vitesske.be\/nl\/entretien-citerne-eau-de-pluie\/\" class=\"elementor-item\" tabindex=\"-1\">Regenwatertanks<\/a><\/li>\n<li class=\"menu-item menu-item-type-post_type menu-item-object-page menu-item-1343\"><a href=\"https:\/\/vitesske.be\/nl\/caves-inondees\/\" class=\"elementor-item\" tabindex=\"-1\">Ondergelopen kelders<\/a><\/li>\n<li class=\"menu-item menu-item-type-post_type menu-item-object-page menu-item-1344\"><a href=\"https:\/\/vitesske.be\/nl\/citernes-a-mazout\/\" class=\"elementor-item\" tabindex=\"-1\">Olietanks<\/a><\/li>\n<li class=\"menu-item menu-item-type-post_type menu-item-object-page menu-item-1345\"><a href=\"https:\/\/vitesske.be\/nl\/nettoyage-industriel\/\" class=\"elementor-item\" tabindex=\"-1\">Industri\u00eble reiniging<\/a><\/li>\n<\/ul>\t\t\t<\/nav>\n\t\t\t\t\t\t<\/div>\n\t\t\t\t<\/div>\n\t\t\t\t<\/div>\n\t\t\t\t\t<\/div>\n\t\t\t\t<\/div>\n\t\t\t\t<\/div>","protected":false},"excerpt":{"rendered":"<p>D\u00e9bouchage Evier \u00c9vier bouch\u00e9 ? Vitesske intervient rapidement pour un d\u00e9bouchage efficace et durable 02 427 42 90 info@vitesske.be D\u00e9bouchage et vidange \u00e0 Bruxelles depuis 1954 Votre \u00e9vier est bouch\u00e9 ? L\u2019eau s\u2019\u00e9coule difficilement ou une mauvaise odeur se d\u00e9gage de votre installation ? Vitesske est votre expert en d\u00e9bouchage d\u2019\u00e9viers \u00e0 Bruxelles et dans [&hellip;]<\/p>\n","protected":false},"author":1,"featured_media":2043,"parent":0,"menu_order":0,"comment_status":"closed","ping_status":"closed","template":"","meta":{"footnotes":""},"class_list":["post-1953","page","type-page","status-publish","has-post-thumbnail","hentry"],"_links":{"self":[{"href":"https:\/\/vitesske.be\/nl\/wp-json\/wp\/v2\/pages\/1953","targetHints":{"allow":["GET"]}}],"collection":[{"href":"https:\/\/vitesske.be\/nl\/wp-json\/wp\/v2\/pages"}],"about":[{"href":"https:\/\/vitesske.be\/nl\/wp-json\/wp\/v2\/types\/page"}],"author":[{"embeddable":true,"href":"https:\/\/vitesske.be\/nl\/wp-json\/wp\/v2\/users\/1"}],"replies":[{"embeddable":true,"href":"https:\/\/vitesske.be\/nl\/wp-json\/wp\/v2\/comments?post=1953"}],"version-history":[{"count":44,"href":"https:\/\/vitesske.be\/nl\/wp-json\/wp\/v2\/pages\/1953\/revisions"}],"predecessor-version":[{"id":2866,"href":"https:\/\/vitesske.be\/nl\/wp-json\/wp\/v2\/pages\/1953\/revisions\/2866"}],"wp:featuredmedia":[{"embeddable":true,"href":"https:\/\/vitesske.be\/nl\/wp-json\/wp\/v2\/media\/2043"}],"wp:attachment":[{"href":"https:\/\/vitesske.be\/nl\/wp-json\/wp\/v2\/media?parent=1953"}],"curies":[{"name":"wp","href":"https:\/\/api.w.org\/{rel}","templated":true}]}}