{"id":1896,"date":"2025-01-16T14:28:38","date_gmt":"2025-01-16T13:28:38","guid":{"rendered":"https:\/\/vitesske.myskydoowebsite.com\/?page_id=1896"},"modified":"2025-06-16T15:50:29","modified_gmt":"2025-06-16T13:50:29","slug":"horeca","status":"publish","type":"page","link":"https:\/\/vitesske.be\/nl\/horeca\/","title":{"rendered":"Horeca"},"content":{"rendered":"<div data-elementor-type=\"wp-page\" data-elementor-id=\"1896\" class=\"elementor elementor-1896\" data-elementor-post-type=\"page\">\n\t\t\t\t<div class=\"elementor-element elementor-element-45bad13 e-flex e-con-boxed e-con e-parent\" data-id=\"45bad13\" data-element_type=\"container\" data-e-type=\"container\" data-settings=\"{&quot;background_background&quot;:&quot;classic&quot;}\">\n\t\t\t\t\t<div class=\"e-con-inner\">\n\t\t<div class=\"elementor-element elementor-element-cf744d8 e-con-full e-flex e-con e-child\" data-id=\"cf744d8\" data-element_type=\"container\" data-e-type=\"container\" data-settings=\"{&quot;background_background&quot;:&quot;classic&quot;}\">\n\t\t\t\t<div class=\"elementor-element elementor-element-a0b1045 elementor-widget elementor-widget-heading\" data-id=\"a0b1045\" data-element_type=\"widget\" data-e-type=\"widget\" data-widget_type=\"heading.default\">\n\t\t\t\t<div class=\"elementor-widget-container\">\n\t\t\t\t\t<h1 class=\"elementor-heading-title elementor-size-default\">Horeca<\/h1>\t\t\t\t<\/div>\n\t\t\t\t<\/div>\n\t\t\t\t<div class=\"elementor-element elementor-element-70f3183 elementor-widget elementor-widget-text-editor\" data-id=\"70f3183\" data-element_type=\"widget\" data-e-type=\"widget\" data-widget_type=\"text-editor.default\">\n\t\t\t\t<div class=\"elementor-widget-container\">\n\t\t\t\t\t\t\t\t\t<p>Gegarandeerde hygi\u00ebne en netheid voor uw Horeca-etablissementen<\/p>\t\t\t\t\t\t\t\t<\/div>\n\t\t\t\t<\/div>\n\t\t<div class=\"elementor-element elementor-element-409fb92 e-con-full e-flex e-con e-child\" data-id=\"409fb92\" data-element_type=\"container\" data-e-type=\"container\">\n\t\t\t\t<div class=\"elementor-element elementor-element-a2216b2 elementor-widget elementor-widget-button\" data-id=\"a2216b2\" data-element_type=\"widget\" data-e-type=\"widget\" data-widget_type=\"button.default\">\n\t\t\t\t<div class=\"elementor-widget-container\">\n\t\t\t\t\t\t\t\t\t<div class=\"elementor-button-wrapper\">\n\t\t\t\t\t<a class=\"elementor-button elementor-button-link elementor-size-sm\" href=\"tel:024274290\">\n\t\t\t\t\t\t<span class=\"elementor-button-content-wrapper\">\n\t\t\t\t\t\t\t\t\t<span class=\"elementor-button-text\">02 427 42 90<\/span>\n\t\t\t\t\t<\/span>\n\t\t\t\t\t<\/a>\n\t\t\t\t<\/div>\n\t\t\t\t\t\t\t\t<\/div>\n\t\t\t\t<\/div>\n\t\t\t\t<div class=\"elementor-element elementor-element-033c8dc elementor-widget elementor-widget-button\" data-id=\"033c8dc\" data-element_type=\"widget\" data-e-type=\"widget\" data-widget_type=\"button.default\">\n\t\t\t\t<div class=\"elementor-widget-container\">\n\t\t\t\t\t\t\t\t\t<div class=\"elementor-button-wrapper\">\n\t\t\t\t\t<a class=\"elementor-button elementor-button-link elementor-size-sm\" href=\"mailto:info@vitesske.be\">\n\t\t\t\t\t\t<span class=\"elementor-button-content-wrapper\">\n\t\t\t\t\t\t\t\t\t<span class=\"elementor-button-text\">info@vitesske.be<\/span>\n\t\t\t\t\t<\/span>\n\t\t\t\t\t<\/a>\n\t\t\t\t<\/div>\n\t\t\t\t\t\t\t\t<\/div>\n\t\t\t\t<\/div>\n\t\t\t\t<\/div>\n\t\t\t\t<div class=\"elementor-element elementor-element-2ef0c11 elementor-view-default elementor-widget elementor-widget-icon\" data-id=\"2ef0c11\" data-element_type=\"widget\" data-e-type=\"widget\" data-widget_type=\"icon.default\">\n\t\t\t\t<div class=\"elementor-widget-container\">\n\t\t\t\t\t\t\t<div class=\"elementor-icon-wrapper\">\n\t\t\t<a class=\"elementor-icon\" href=\"#scroll\">\n\t\t\t<i aria-hidden=\"true\" class=\"fas fa-angle-down\"><\/i>\t\t\t<\/a>\n\t\t<\/div>\n\t\t\t\t\t\t<\/div>\n\t\t\t\t<\/div>\n\t\t\t\t<\/div>\n\t\t\t\t\t<\/div>\n\t\t\t\t<\/div>\n\t\t<div class=\"elementor-element elementor-element-79751bb e-flex e-con-boxed e-con e-parent\" data-id=\"79751bb\" data-element_type=\"container\" data-e-type=\"container\" id=\"scroll\">\n\t\t\t\t\t<div class=\"e-con-inner\">\n\t\t<div class=\"elementor-element elementor-element-36e9df6 e-con-full e-flex e-con e-child\" data-id=\"36e9df6\" data-element_type=\"container\" data-e-type=\"container\">\n\t\t\t\t<div class=\"elementor-element elementor-element-57b37c3 elementor-widget elementor-widget-heading\" data-id=\"57b37c3\" data-element_type=\"widget\" data-e-type=\"widget\" data-widget_type=\"heading.default\">\n\t\t\t\t<div class=\"elementor-widget-container\">\n\t\t\t\t\t<h2 class=\"elementor-heading-title elementor-size-default\">Professionele vetafscheiders\n<\/h2>\t\t\t\t<\/div>\n\t\t\t\t<\/div>\n\t\t\t\t<div class=\"elementor-element elementor-element-6e56ba1 elementor-widget elementor-widget-text-editor\" data-id=\"6e56ba1\" data-element_type=\"widget\" data-e-type=\"widget\" data-widget_type=\"text-editor.default\">\n\t\t\t\t<div class=\"elementor-widget-container\">\n\t\t\t\t\t\t\t\t\t<p class=\"translation-block\">Met meer dan <strong>60 jaar expertise<\/strong> is <strong>Vitesske<\/strong> uw betrouwbare partner voor de <strong>reiniging en lediging van professionele vetafscheiders<\/strong>. Gespecialiseerd in het onderhoud van <strong>grootkeukenapparatuur, restaurants<\/strong> en <strong>Horeca-etablissementen<\/strong>, garandeert ons team een <strong>snelle, effici\u00ebnte en conforme service<\/strong> volgens de geldende normen.<\/p><p class=\"translation-block\">Onze <strong>gekwalificeerde technici<\/strong> voeren het <strong>pompen van opgehoopt vet<\/strong> uit, zorgen voor een <strong>grondige reiniging<\/strong> van de vetafscheiders en staan in voor de <strong>verwerking van residuen<\/strong>, waardoor uw installaties optimaal blijven functioneren. Dankzij onze <strong>hoogwaardige en aangepaste apparatuur<\/strong> verwijderen wij <strong>vetafval<\/strong> op een effici\u00ebnte manier, terwijl wij de <strong>goede werking van uw afvoersysteem<\/strong> behouden.<\/p><p class=\"translation-block\">Een beroep doen op <strong>Vitesske<\/strong> betekent kiezen voor een <strong>gecertificeerd bedrijf<\/strong> dat waakt over de <strong>prestaties en levensduur<\/strong> van uw apparatuur. Wij bieden zowel <strong>eenmalige interventies<\/strong> als <strong>regelmatige onderhoudscontracten<\/strong>, afgestemd op uw behoeften.<\/p>\t\t\t\t\t\t\t\t<\/div>\n\t\t\t\t<\/div>\n\t\t<div class=\"elementor-element elementor-element-75de8a9 e-con-full e-flex e-con e-child\" data-id=\"75de8a9\" data-element_type=\"container\" data-e-type=\"container\">\n\t\t\t\t<div class=\"elementor-element elementor-element-2adb426 elementor-widget elementor-widget-button\" data-id=\"2adb426\" data-element_type=\"widget\" data-e-type=\"widget\" data-widget_type=\"button.default\">\n\t\t\t\t<div class=\"elementor-widget-container\">\n\t\t\t\t\t\t\t\t\t<div class=\"elementor-button-wrapper\">\n\t\t\t\t\t<a class=\"elementor-button elementor-button-link elementor-size-sm\" href=\"mailto:info@vitesske.be\">\n\t\t\t\t\t\t<span class=\"elementor-button-content-wrapper\">\n\t\t\t\t\t\t<span class=\"elementor-button-icon\">\n\t\t\t\t<i aria-hidden=\"true\" class=\"far fa-envelope\"><\/i>\t\t\t<\/span>\n\t\t\t\t\t\t\t\t\t<span class=\"elementor-button-text\">info@vitesske.be<\/span>\n\t\t\t\t\t<\/span>\n\t\t\t\t\t<\/a>\n\t\t\t\t<\/div>\n\t\t\t\t\t\t\t\t<\/div>\n\t\t\t\t<\/div>\n\t\t\t\t<div class=\"elementor-element elementor-element-23b7fcf elementor-widget elementor-widget-button\" data-id=\"23b7fcf\" data-element_type=\"widget\" data-e-type=\"widget\" data-widget_type=\"button.default\">\n\t\t\t\t<div class=\"elementor-widget-container\">\n\t\t\t\t\t\t\t\t\t<div class=\"elementor-button-wrapper\">\n\t\t\t\t\t<a class=\"elementor-button elementor-button-link elementor-size-sm\" href=\"tel:024274290\">\n\t\t\t\t\t\t<span class=\"elementor-button-content-wrapper\">\n\t\t\t\t\t\t<span class=\"elementor-button-icon\">\n\t\t\t\t<i aria-hidden=\"true\" class=\"fas fa-phone-alt\"><\/i>\t\t\t<\/span>\n\t\t\t\t\t\t\t\t\t<span class=\"elementor-button-text\">02 427 42 90<\/span>\n\t\t\t\t\t<\/span>\n\t\t\t\t\t<\/a>\n\t\t\t\t<\/div>\n\t\t\t\t\t\t\t\t<\/div>\n\t\t\t\t<\/div>\n\t\t\t\t<\/div>\n\t\t\t\t<\/div>\n\t\t<div class=\"elementor-element elementor-element-212f685 e-con-full e-flex e-con e-child\" data-id=\"212f685\" data-element_type=\"container\" data-e-type=\"container\">\n\t\t\t\t<div class=\"elementor-element elementor-element-59ca09f elementor-widget elementor-widget-image\" data-id=\"59ca09f\" data-element_type=\"widget\" data-e-type=\"widget\" data-widget_type=\"image.default\">\n\t\t\t\t<div class=\"elementor-widget-container\">\n\t\t\t\t\t\t\t\t\t\t\t\t\t\t\t<img fetchpriority=\"high\" decoding=\"async\" width=\"1920\" height=\"1080\" src=\"https:\/\/vitesske.be\/wp-content\/uploads\/Design-sans-titre.png\" class=\"attachment-large size-large wp-image-2809\" alt=\"Horeca\" srcset=\"https:\/\/vitesske.be\/wp-content\/uploads\/Design-sans-titre.png 1920w, https:\/\/vitesske.be\/wp-content\/uploads\/Design-sans-titre-768x432.png 768w, https:\/\/vitesske.be\/wp-content\/uploads\/Design-sans-titre-1536x864.png 1536w, https:\/\/vitesske.be\/wp-content\/uploads\/Design-sans-titre-18x10.png 18w\" sizes=\"(max-width: 1920px) 100vw, 1920px\" title=\"\">\t\t\t\t\t\t\t\t\t\t\t\t\t\t\t<\/div>\n\t\t\t\t<\/div>\n\t\t\t\t<\/div>\n\t\t\t\t\t<\/div>\n\t\t\t\t<\/div>\n\t\t<div class=\"elementor-element elementor-element-80785ca e-flex e-con-boxed e-con e-parent\" data-id=\"80785ca\" data-element_type=\"container\" data-e-type=\"container\">\n\t\t\t\t\t<div class=\"e-con-inner\">\n\t\t<div class=\"elementor-element elementor-element-4afd5b9 e-con-full e-flex e-con e-child\" data-id=\"4afd5b9\" data-element_type=\"container\" data-e-type=\"container\">\n\t\t\t\t<div class=\"elementor-element elementor-element-d6751ec elementor-widget elementor-widget-heading\" data-id=\"d6751ec\" data-element_type=\"widget\" data-e-type=\"widget\" data-widget_type=\"heading.default\">\n\t\t\t\t<div class=\"elementor-widget-container\">\n\t\t\t\t\t<h2 class=\"elementor-heading-title elementor-size-default\">Lediging van installaties<\/h2>\t\t\t\t<\/div>\n\t\t\t\t<\/div>\n\t\t\t\t<div class=\"elementor-element elementor-element-59e0838 elementor-widget elementor-widget-text-editor\" data-id=\"59e0838\" data-element_type=\"widget\" data-e-type=\"widget\" data-widget_type=\"text-editor.default\">\n\t\t\t\t<div class=\"elementor-widget-container\">\n\t\t\t\t\t\t\t\t\t<p class=\"translation-block\">Een <strong>verstopte leiding<\/strong> kan grote problemen veroorzaken in uw installatie. <strong>Vitesske<\/strong> komt snel ter plaatse om uw <strong>leidingen te ontstoppen en te reinigen<\/strong>, of het nu gaat om een <strong>woning, een gebouw<\/strong> of een <strong>professionele inrichting<\/strong>. Dankzij <strong>geavanceerde apparatuur<\/strong> en <strong>doeltreffende technieken<\/strong> verwijderen wij verstoppingen en garanderen wij een <strong>optimale afvoer van uw afvalwater<\/strong>.<\/p><p class=\"translation-block\">Om <strong>terugkerende verstoppingen te voorkomen<\/strong>, bieden wij een <strong>preventief onderhoudscontract<\/strong> aan, inclusief een <strong>grondige reiniging<\/strong> en een <strong>regelmatige inspectie<\/strong> van uw leidingen. Deze oplossing helpt om mogelijke problemen vroegtijdig te detecteren en verzekert de <strong>lange levensduur<\/strong> van uw rioleringssysteem.<\/p>\t\t\t\t\t\t\t\t<\/div>\n\t\t\t\t<\/div>\n\t\t<div class=\"elementor-element elementor-element-e5f454d e-con-full e-flex e-con e-child\" data-id=\"e5f454d\" data-element_type=\"container\" data-e-type=\"container\">\n\t\t\t\t<div class=\"elementor-element elementor-element-96845e5 elementor-icon-list--layout-traditional elementor-list-item-link-full_width elementor-widget elementor-widget-icon-list\" data-id=\"96845e5\" data-element_type=\"widget\" data-e-type=\"widget\" data-widget_type=\"icon-list.default\">\n\t\t\t\t<div class=\"elementor-widget-container\">\n\t\t\t\t\t\t\t<ul class=\"elementor-icon-list-items\">\n\t\t\t\t\t\t\t<li class=\"elementor-icon-list-item\">\n\t\t\t\t\t\t\t\t\t\t\t<a href=\"https:\/\/www.youtube.com\/@vitesskecleaningsolutions6413\" target=\"_blank\" rel=\"nofollow noopener\">\n\n\t\t\t\t\t\t\t\t\t\t\t\t<span class=\"elementor-icon-list-icon\">\n\t\t\t\t\t\t\t<i aria-hidden=\"true\" class=\"fab fa-youtube\"><\/i>\t\t\t\t\t\t<\/span>\n\t\t\t\t\t\t\t\t\t\t<span class=\"elementor-icon-list-text\">YouTube<\/span>\n\t\t\t\t\t\t\t\t\t\t\t<\/a>\n\t\t\t\t\t\t\t\t\t<\/li>\n\t\t\t\t\t\t<\/ul>\n\t\t\t\t\t\t<\/div>\n\t\t\t\t<\/div>\n\t\t\t\t<div class=\"elementor-element elementor-element-286c66b elementor-align-center elementor-widget elementor-widget-button\" data-id=\"286c66b\" data-element_type=\"widget\" data-e-type=\"widget\" data-widget_type=\"button.default\">\n\t\t\t\t<div class=\"elementor-widget-container\">\n\t\t\t\t\t\t\t\t\t<div class=\"elementor-button-wrapper\">\n\t\t\t\t\t<a class=\"elementor-button elementor-button-link elementor-size-sm\" href=\"https:\/\/vitesske.be\/nl\/contact\/\">\n\t\t\t\t\t\t<span class=\"elementor-button-content-wrapper\">\n\t\t\t\t\t\t<span class=\"elementor-button-icon\">\n\t\t\t\t<i aria-hidden=\"true\" class=\"far fa-envelope\"><\/i>\t\t\t<\/span>\n\t\t\t\t\t\t\t\t\t<span class=\"elementor-button-text\">Neem contact met ons op<\/span>\n\t\t\t\t\t<\/span>\n\t\t\t\t\t<\/a>\n\t\t\t\t<\/div>\n\t\t\t\t\t\t\t\t<\/div>\n\t\t\t\t<\/div>\n\t\t\t\t<\/div>\n\t\t\t\t<\/div>\n\t\t<div class=\"elementor-element elementor-element-f41d0e9 e-con-full e-flex e-con e-child\" data-id=\"f41d0e9\" data-element_type=\"container\" data-e-type=\"container\">\n\t\t\t\t<div class=\"elementor-element elementor-element-bd9d52c elementor-widget elementor-widget-image\" data-id=\"bd9d52c\" data-element_type=\"widget\" data-e-type=\"widget\" data-widget_type=\"image.default\">\n\t\t\t\t<div class=\"elementor-widget-container\">\n\t\t\t\t\t\t\t\t\t\t\t\t\t\t\t<img decoding=\"async\" width=\"1920\" height=\"1080\" src=\"https:\/\/vitesske.be\/wp-content\/uploads\/ank-3.png\" class=\"attachment-large size-large wp-image-1780\" alt=\",\" srcset=\"https:\/\/vitesske.be\/wp-content\/uploads\/ank-3.png 1920w, https:\/\/vitesske.be\/wp-content\/uploads\/ank-3-768x432.png 768w, https:\/\/vitesske.be\/wp-content\/uploads\/ank-3-1536x864.png 1536w\" sizes=\"(max-width: 1920px) 100vw, 1920px\" title=\"\">\t\t\t\t\t\t\t\t\t\t\t\t\t\t\t<\/div>\n\t\t\t\t<\/div>\n\t\t\t\t<\/div>\n\t\t\t\t\t<\/div>\n\t\t\t\t<\/div>\n\t\t<div class=\"elementor-element elementor-element-5acbcbf e-flex e-con-boxed e-con e-parent\" data-id=\"5acbcbf\" data-element_type=\"container\" data-e-type=\"container\" data-settings=\"{&quot;background_background&quot;:&quot;classic&quot;}\">\n\t\t\t\t\t<div class=\"e-con-inner\">\n\t\t\t\t<div class=\"elementor-element elementor-element-49654d4 elementor-widget elementor-widget-heading\" data-id=\"49654d4\" data-element_type=\"widget\" data-e-type=\"widget\" data-widget_type=\"heading.default\">\n\t\t\t\t<div class=\"elementor-widget-container\">\n\t\t\t\t\t<h2 class=\"elementor-heading-title elementor-size-default\">In noodgevallen<\/h2>\t\t\t\t<\/div>\n\t\t\t\t<\/div>\n\t\t\t\t<div class=\"elementor-element elementor-element-7a0810d elementor-widget elementor-widget-text-editor\" data-id=\"7a0810d\" data-element_type=\"widget\" data-e-type=\"widget\" data-widget_type=\"text-editor.default\">\n\t\t\t\t<div class=\"elementor-widget-container\">\n\t\t\t\t\t\t\t\t\t<p>Onze oproepdienst is 24\/7 beschikbaar<\/p>\t\t\t\t\t\t\t\t<\/div>\n\t\t\t\t<\/div>\n\t\t\t\t<div class=\"elementor-element elementor-element-d1305fc elementor-align-center elementor-widget elementor-widget-button\" data-id=\"d1305fc\" data-element_type=\"widget\" data-e-type=\"widget\" data-widget_type=\"button.default\">\n\t\t\t\t<div class=\"elementor-widget-container\">\n\t\t\t\t\t\t\t\t\t<div class=\"elementor-button-wrapper\">\n\t\t\t\t\t<a class=\"elementor-button elementor-button-link elementor-size-sm\" href=\"tel:+32475967360\">\n\t\t\t\t\t\t<span class=\"elementor-button-content-wrapper\">\n\t\t\t\t\t\t<span class=\"elementor-button-icon\">\n\t\t\t\t<i aria-hidden=\"true\" class=\"fas fa-phone-alt\"><\/i>\t\t\t<\/span>\n\t\t\t\t\t\t\t\t\t<span class=\"elementor-button-text\">Neem contact met ons op<\/span>\n\t\t\t\t\t<\/span>\n\t\t\t\t\t<\/a>\n\t\t\t\t<\/div>\n\t\t\t\t\t\t\t\t<\/div>\n\t\t\t\t<\/div>\n\t\t\t\t\t<\/div>\n\t\t\t\t<\/div>\n\t\t<div class=\"elementor-element elementor-element-50ba97e e-flex e-con-boxed e-con e-parent\" data-id=\"50ba97e\" data-element_type=\"container\" data-e-type=\"container\">\n\t\t\t\t\t<div class=\"e-con-inner\">\n\t\t\t\t<div class=\"elementor-element elementor-element-162f2a6 elementor-widget elementor-widget-heading\" data-id=\"162f2a6\" data-element_type=\"widget\" data-e-type=\"widget\" data-widget_type=\"heading.default\">\n\t\t\t\t<div class=\"elementor-widget-container\">\n\t\t\t\t\t<h2 class=\"elementor-heading-title elementor-size-default\">Onze diensten<\/h2>\t\t\t\t<\/div>\n\t\t\t\t<\/div>\n\t\t\t\t\t<\/div>\n\t\t\t\t<\/div>\n\t\t<div class=\"elementor-element elementor-element-b5875fd e-flex e-con-boxed e-con e-parent\" data-id=\"b5875fd\" data-element_type=\"container\" data-e-type=\"container\">\n\t\t\t\t\t<div class=\"e-con-inner\">\n\t\t<div class=\"elementor-element elementor-element-8c01453 e-con-full e-flex e-con e-child\" data-id=\"8c01453\" data-element_type=\"container\" data-e-type=\"container\">\n\t\t\t\t<div class=\"elementor-element elementor-element-feec7f8 elementor-nav-menu__align-center elementor-nav-menu--dropdown-none elementor-widget elementor-widget-nav-menu\" data-id=\"feec7f8\" data-element_type=\"widget\" data-e-type=\"widget\" data-settings=\"{&quot;layout&quot;:&quot;vertical&quot;,&quot;submenu_icon&quot;:{&quot;value&quot;:&quot;&lt;i class=\\&quot;fas fa-caret-down\\&quot; aria-hidden=\\&quot;true\\&quot;&gt;&lt;\\\/i&gt;&quot;,&quot;library&quot;:&quot;fa-solid&quot;}}\" data-widget_type=\"nav-menu.default\">\n\t\t\t\t<div class=\"elementor-widget-container\">\n\t\t\t\t\t\t\t\t<nav aria-label=\"Menu\" class=\"elementor-nav-menu--main elementor-nav-menu__container elementor-nav-menu--layout-vertical e--pointer-framed e--animation-shrink\">\n\t\t\t\t<ul id=\"menu-1-feec7f8\" class=\"elementor-nav-menu sm-vertical\"><li class=\"menu-item menu-item-type-post_type menu-item-object-page menu-item-1339\"><a href=\"https:\/\/vitesske.be\/nl\/debouchage\/\" class=\"elementor-item\">Ontstoppen<\/a><\/li>\n<li class=\"menu-item menu-item-type-post_type menu-item-object-page menu-item-1341\"><a href=\"https:\/\/vitesske.be\/nl\/vidange-fosses-septiques\/\" class=\"elementor-item\">Septische tanks<\/a><\/li>\n<li class=\"menu-item menu-item-type-post_type menu-item-object-page menu-item-1342\"><a href=\"https:\/\/vitesske.be\/nl\/entretien-citerne-eau-de-pluie\/\" class=\"elementor-item\">Regenwatertanks<\/a><\/li>\n<li class=\"menu-item menu-item-type-post_type menu-item-object-page menu-item-1343\"><a href=\"https:\/\/vitesske.be\/nl\/caves-inondees\/\" class=\"elementor-item\">Ondergelopen kelders<\/a><\/li>\n<li class=\"menu-item menu-item-type-post_type menu-item-object-page menu-item-1344\"><a href=\"https:\/\/vitesske.be\/nl\/citernes-a-mazout\/\" class=\"elementor-item\">Olietanks<\/a><\/li>\n<li class=\"menu-item menu-item-type-post_type menu-item-object-page menu-item-1345\"><a href=\"https:\/\/vitesske.be\/nl\/nettoyage-industriel\/\" class=\"elementor-item\">Industri\u00eble reiniging<\/a><\/li>\n<\/ul>\t\t\t<\/nav>\n\t\t\t\t\t\t<nav class=\"elementor-nav-menu--dropdown elementor-nav-menu__container\" aria-hidden=\"true\">\n\t\t\t\t<ul id=\"menu-2-feec7f8\" class=\"elementor-nav-menu sm-vertical\"><li class=\"menu-item menu-item-type-post_type menu-item-object-page menu-item-1339\"><a href=\"https:\/\/vitesske.be\/nl\/debouchage\/\" class=\"elementor-item\" tabindex=\"-1\">Ontstoppen<\/a><\/li>\n<li class=\"menu-item menu-item-type-post_type menu-item-object-page menu-item-1341\"><a href=\"https:\/\/vitesske.be\/nl\/vidange-fosses-septiques\/\" class=\"elementor-item\" tabindex=\"-1\">Septische tanks<\/a><\/li>\n<li class=\"menu-item menu-item-type-post_type menu-item-object-page menu-item-1342\"><a href=\"https:\/\/vitesske.be\/nl\/entretien-citerne-eau-de-pluie\/\" class=\"elementor-item\" tabindex=\"-1\">Regenwatertanks<\/a><\/li>\n<li class=\"menu-item menu-item-type-post_type menu-item-object-page menu-item-1343\"><a href=\"https:\/\/vitesske.be\/nl\/caves-inondees\/\" class=\"elementor-item\" tabindex=\"-1\">Ondergelopen kelders<\/a><\/li>\n<li class=\"menu-item menu-item-type-post_type menu-item-object-page menu-item-1344\"><a href=\"https:\/\/vitesske.be\/nl\/citernes-a-mazout\/\" class=\"elementor-item\" tabindex=\"-1\">Olietanks<\/a><\/li>\n<li class=\"menu-item menu-item-type-post_type menu-item-object-page menu-item-1345\"><a href=\"https:\/\/vitesske.be\/nl\/nettoyage-industriel\/\" class=\"elementor-item\" tabindex=\"-1\">Industri\u00eble reiniging<\/a><\/li>\n<\/ul>\t\t\t<\/nav>\n\t\t\t\t\t\t<\/div>\n\t\t\t\t<\/div>\n\t\t\t\t<\/div>\n\t\t\t\t\t<\/div>\n\t\t\t\t<\/div>\n\t\t\t\t<\/div>","protected":false},"excerpt":{"rendered":"<p>Hygi\u00e8ne et propret\u00e9 garanties pour vos \u00e9tablissements Horeca 02 427 42 90 info@vitesske.be D\u00e9graisseurs professionnels Avec plus de 60 ans d\u2019expertise, Vitesske est votre partenaire de confiance pour le nettoyage et la vidange des d\u00e9graisseurs professionnels. Sp\u00e9cialis\u00e9e dans l\u2019entretien des \u00e9quipements de cuisine industrielle, des restaurants et des \u00e9tablissements du secteur Horeca, notre \u00e9quipe garantit [&hellip;]<\/p>\n","protected":false},"author":1,"featured_media":2809,"parent":0,"menu_order":0,"comment_status":"closed","ping_status":"closed","template":"","meta":{"footnotes":""},"class_list":["post-1896","page","type-page","status-publish","has-post-thumbnail","hentry"],"_links":{"self":[{"href":"https:\/\/vitesske.be\/nl\/wp-json\/wp\/v2\/pages\/1896","targetHints":{"allow":["GET"]}}],"collection":[{"href":"https:\/\/vitesske.be\/nl\/wp-json\/wp\/v2\/pages"}],"about":[{"href":"https:\/\/vitesske.be\/nl\/wp-json\/wp\/v2\/types\/page"}],"author":[{"embeddable":true,"href":"https:\/\/vitesske.be\/nl\/wp-json\/wp\/v2\/users\/1"}],"replies":[{"embeddable":true,"href":"https:\/\/vitesske.be\/nl\/wp-json\/wp\/v2\/comments?post=1896"}],"version-history":[{"count":56,"href":"https:\/\/vitesske.be\/nl\/wp-json\/wp\/v2\/pages\/1896\/revisions"}],"predecessor-version":[{"id":2872,"href":"https:\/\/vitesske.be\/nl\/wp-json\/wp\/v2\/pages\/1896\/revisions\/2872"}],"wp:featuredmedia":[{"embeddable":true,"href":"https:\/\/vitesske.be\/nl\/wp-json\/wp\/v2\/media\/2809"}],"wp:attachment":[{"href":"https:\/\/vitesske.be\/nl\/wp-json\/wp\/v2\/media?parent=1896"}],"curies":[{"name":"wp","href":"https:\/\/api.w.org\/{rel}","templated":true}]}}